{"id":616,"date":"2022-04-12T06:26:45","date_gmt":"2022-04-12T06:26:45","guid":{"rendered":"https:\/\/project-win.eu\/?page_id=616"},"modified":"2024-07-23T13:46:18","modified_gmt":"2024-07-23T13:46:18","slug":"eredmenyek","status":"publish","type":"page","link":"https:\/\/project-win.eu\/index.php\/hu\/eredmenyek\/","title":{"rendered":"Eredm\u00e9nyek"},"content":{"rendered":"\t\t<div data-elementor-type=\"wp-page\" data-elementor-id=\"616\" class=\"elementor elementor-616\">\n\t\t\t\t\t\t<section class=\"elementor-section elementor-top-section elementor-element elementor-element-4a97ca8 elementor-section-boxed elementor-section-height-default elementor-section-height-default\" data-id=\"4a97ca8\" data-element_type=\"section\" data-e-type=\"section\" data-settings=\"{&quot;background_background&quot;:&quot;classic&quot;}\">\n\t\t\t\t\t\t\t<div class=\"elementor-background-overlay\"><\/div>\n\t\t\t\t\t\t\t<div class=\"elementor-container elementor-column-gap-default\">\n\t\t\t\t\t<div class=\"elementor-column elementor-col-100 elementor-top-column elementor-element elementor-element-d003914\" data-id=\"d003914\" data-element_type=\"column\" data-e-type=\"column\">\n\t\t\t<div class=\"elementor-widget-wrap elementor-element-populated\">\n\t\t\t\t\t\t<div class=\"elementor-element elementor-element-14b98df elementor-widget elementor-widget-spacer\" data-id=\"14b98df\" data-element_type=\"widget\" data-e-type=\"widget\" data-widget_type=\"spacer.default\">\n\t\t\t\t<div class=\"elementor-widget-container\">\n\t\t\t\t\t\t\t<div class=\"elementor-spacer\">\n\t\t\t<div class=\"elementor-spacer-inner\"><\/div>\n\t\t<\/div>\n\t\t\t\t\t\t<\/div>\n\t\t\t\t<\/div>\n\t\t\t\t<div class=\"elementor-element elementor-element-d82a53a elementor-widget elementor-widget-heading\" data-id=\"d82a53a\" data-element_type=\"widget\" data-e-type=\"widget\" data-widget_type=\"heading.default\">\n\t\t\t\t<div class=\"elementor-widget-container\">\n\t\t\t\t\t<h3 class=\"elementor-heading-title elementor-size-default\">Projekt eredm\u00e9nyei<\/h3>\t\t\t\t<\/div>\n\t\t\t\t<\/div>\n\t\t\t\t<div class=\"elementor-element elementor-element-f087c2e elementor-widget elementor-widget-spacer\" data-id=\"f087c2e\" data-element_type=\"widget\" data-e-type=\"widget\" data-widget_type=\"spacer.default\">\n\t\t\t\t<div class=\"elementor-widget-container\">\n\t\t\t\t\t\t\t<div class=\"elementor-spacer\">\n\t\t\t<div class=\"elementor-spacer-inner\"><\/div>\n\t\t<\/div>\n\t\t\t\t\t\t<\/div>\n\t\t\t\t<\/div>\n\t\t\t\t<div class=\"elementor-element elementor-element-b4a94e9 elementor-widget elementor-widget-eael-adv-tabs\" data-id=\"b4a94e9\" data-element_type=\"widget\" data-e-type=\"widget\" data-widget_type=\"eael-adv-tabs.default\">\n\t\t\t\t<div class=\"elementor-widget-container\">\n\t\t\t\t\t        <div data-scroll-on-click=\"no\" data-scroll-speed=\"300\" id=\"eael-advance-tabs-b4a94e9\" class=\"eael-advance-tabs eael-tabs-horizontal eael-tab-auto-active \" data-tabid=\"b4a94e9\">\n            <div class=\"eael-tabs-nav \">\n                <ul class=\"\" role=\"tablist\">\n                                            <li id=\"projekt-eredmnye-1\" class=\"inactive eael-tab-item-trigger eael-tab-nav-item\" aria-selected=\"true\" data-tab=\"1\" role=\"tab\" tabindex=\"0\" aria-controls=\"projekt-eredmnye-1-tab\" aria-expanded=\"false\">\n                            \n                            \n                            \n                                                            <span class=\"eael-tab-title title-after-icon\" >Projekt eredm\u00e9nye 1<\/span>                                                    <\/li>\n                                            <li id=\"projekt-eredmnye-2\" class=\" eael-tab-item-trigger eael-tab-nav-item\" aria-selected=\"false\" data-tab=\"2\" role=\"tab\" tabindex=\"-1\" aria-controls=\"projekt-eredmnye-2-tab\" aria-expanded=\"false\">\n                            \n                            \n                            \n                                                            <span class=\"eael-tab-title title-after-icon\" >Projekt eredm\u00e9nye 2<\/span>                                                    <\/li>\n                                            <li id=\"projekt-eredmnye-3\" class=\"inactive eael-tab-item-trigger eael-tab-nav-item\" aria-selected=\"false\" data-tab=\"3\" role=\"tab\" tabindex=\"-1\" aria-controls=\"projekt-eredmnye-3-tab\" aria-expanded=\"false\">\n                            \n                            \n                            \n                                                            <span class=\"eael-tab-title title-after-icon\" >Projekt eredm\u00e9nye 3<\/span>                                                    <\/li>\n                                            <li id=\"projekt-eredmnye-4\" class=\"inactive eael-tab-item-trigger eael-tab-nav-item\" aria-selected=\"false\" data-tab=\"4\" role=\"tab\" tabindex=\"-1\" aria-controls=\"projekt-eredmnye-4-tab\" aria-expanded=\"false\">\n                            \n                            \n                            \n                                                            <span class=\"eael-tab-title title-after-icon\" >Projekt eredm\u00e9nye 4<\/span>                                                    <\/li>\n                                            <li id=\"projekt-eredmnye-5\" class=\"inactive eael-tab-item-trigger eael-tab-nav-item\" aria-selected=\"false\" data-tab=\"5\" role=\"tab\" tabindex=\"-1\" aria-controls=\"projekt-eredmnye-5-tab\" aria-expanded=\"false\">\n                            \n                            \n                            \n                                                            <span class=\"eael-tab-title title-after-icon\" >Projekt eredm\u00e9nye 5<\/span>                                                    <\/li>\n                                            <li id=\"projekt-eredmnye-6\" class=\"inactive eael-tab-item-trigger eael-tab-nav-item\" aria-selected=\"false\" data-tab=\"6\" role=\"tab\" tabindex=\"-1\" aria-controls=\"projekt-eredmnye-6-tab\" aria-expanded=\"false\">\n                            \n                            \n                            \n                                                            <span class=\"eael-tab-title title-after-icon\" >Projekt eredm\u00e9nye 6<\/span>                                                    <\/li>\n                    \n                                  <\/ul>\n            <\/div>\n            \n            <div class=\"eael-tabs-content\">\n\t\t        \n                    <div id=\"projekt-eredmnye-1-tab\" class=\"clearfix eael-tab-content-item inactive\" data-title-link=\"projekt-eredmnye-1-tab\">\n\t\t\t\t        <p><strong><img decoding=\"async\" class=\"size-full wp-image-203 aligncenter\" src=\"http:\/\/project-win.eu\/wp-content\/uploads\/2022\/02\/out1.png\" alt=\"\" width=\"198\" height=\"198\" srcset=\"https:\/\/project-win.eu\/wp-content\/uploads\/2022\/02\/out1.png 198w, https:\/\/project-win.eu\/wp-content\/uploads\/2022\/02\/out1-150x150.png 150w\" sizes=\"(max-width: 198px) 100vw, 198px\" \/><\/strong><\/p>\n<p>A munkahelyi innov\u00e1ci\u00f3 modern helyzete: A partnerek \u00f6sszefoglal\u00f3 jelent\u00e9st k\u00e9sz\u00edtenek a munkahelyi innov\u00e1ci\u00f3 t\u00e9m\u00e1j\u00e1ban megl\u00e9v\u0151 szakirodalomr\u00f3l, valamint egy struktur\u00e1lt k\u00e9rd\u0151\u00edven alapul\u00f3 terepkutat\u00e1st. <\/p>                    <\/div>\n\t\t        \n                    <div id=\"projekt-eredmnye-2-tab\" class=\"clearfix eael-tab-content-item \" data-title-link=\"projekt-eredmnye-2-tab\">\n\t\t\t\t        <p><img decoding=\"async\" class=\"size-full wp-image-204 aligncenter\" src=\"http:\/\/project-win.eu\/wp-content\/uploads\/2022\/02\/out2.png\" alt=\"\" width=\"198\" height=\"198\" srcset=\"https:\/\/project-win.eu\/wp-content\/uploads\/2022\/02\/out2.png 198w, https:\/\/project-win.eu\/wp-content\/uploads\/2022\/02\/out2-150x150.png 150w\" sizes=\"(max-width: 198px) 100vw, 198px\" \/><\/p><p>WINComp: Munkahelyi Innov\u00e1ci\u00f3s Menedzser szakmai profilj\u00e1nak meghat\u00e1roz\u00e1sa \u00e9s az Eur\u00f3pai K\u00e9pes\u00edt\u00e9si Keretrendszer h\u00e1rom pill\u00e9r\u00e9n alapul\u00f3 k\u00e9pz\u00e9si tanterv.<\/p><p>Kattintson a Pdf elolvas\u00e1s\u00e1hoz! \ud83d\udc47<\/p><p><a href=\"https:\/\/project-win.eu\/wp-content\/uploads\/2023\/12\/PR2_A-WIN-Menedzser-Kepzesi-Programja.pdf\">1. WIN k\u00e9pz\u00e9si tanterv <\/a><\/p><p><a href=\"https:\/\/project-win.eu\/wp-content\/uploads\/2023\/12\/PR2_A-Kepzesi-Tanterv-Felepitese.pdf\">2. A k\u00e9pz\u00e9si tanterv fel\u00e9p\u00edt\u00e9se<\/a><\/p><p><a href=\"https:\/\/project-win.eu\/wp-content\/uploads\/2023\/12\/PR2_Szakmai-profil-meghatarozasa-es-Kompetencia-Keretrendszer-a-Munkahelyi-Innovacios-Menedzser.pdf\">3. Szakmai profil Kompetencia keretrendszer<\/a><\/p>                    <\/div>\n\t\t        \n                    <div id=\"projekt-eredmnye-3-tab\" class=\"clearfix eael-tab-content-item inactive\" data-title-link=\"projekt-eredmnye-3-tab\">\n\t\t\t\t        <p><img decoding=\"async\" class=\"size-full wp-image-202 aligncenter\" src=\"http:\/\/project-win.eu\/wp-content\/uploads\/2022\/02\/out-3.png\" alt=\"\" width=\"198\" height=\"198\" srcset=\"https:\/\/project-win.eu\/wp-content\/uploads\/2022\/02\/out-3.png 198w, https:\/\/project-win.eu\/wp-content\/uploads\/2022\/02\/out-3-150x150.png 150w\" sizes=\"(max-width: 198px) 100vw, 198px\" \/><\/p><p>Munkahelyi innov\u00e1ci\u00f3s menedzser szakk\u00e9pz\u00e9si tanfolyam \u00e9s d\u00e9m\u00f3 programok: A k\u00e9pz\u00e9s f\u0151 c\u00e9lja a munkaad\u00f3k, HR (vagy m\u00e1s) vezet\u0151k \u00e9s munkav\u00e1llal\u00f3k kik\u00e9pz\u00e9se, akik munkahelyi innov\u00e1ci\u00f3s menedzserk\u00e9nt tev\u00e9kenykednek majd.<\/p>                    <\/div>\n\t\t        \n                    <div id=\"projekt-eredmnye-4-tab\" class=\"clearfix eael-tab-content-item inactive\" data-title-link=\"projekt-eredmnye-4-tab\">\n\t\t\t\t        <p><img loading=\"lazy\" decoding=\"async\" class=\"size-full wp-image-205 aligncenter\" src=\"http:\/\/project-win.eu\/wp-content\/uploads\/2022\/02\/out4.png\" alt=\"\" width=\"198\" height=\"198\" srcset=\"https:\/\/project-win.eu\/wp-content\/uploads\/2022\/02\/out4.png 198w, https:\/\/project-win.eu\/wp-content\/uploads\/2022\/02\/out4-150x150.png 150w\" sizes=\"(max-width: 198px) 100vw, 198px\" \/><\/p><p>A Munkahelyi Innov\u00e1ci\u00f3s Menedzser szakmai profilj\u00e1nak tan\u00fas\u00edt\u00e1si folyamata: A r\u00e9sztvev\u0151k gener\u00e1lt profiladataihoz megfelel\u0151 k\u00e9rd\u00e9sadatb\u00e1zis ker\u00fcl felhaszn\u00e1l\u00e1sra, valamint a r\u00e9sztvev\u0151k vizsg\u00e1ra is jelentkezhetnek k\u00e9pess\u00e9geik, tud\u00e1suk igazol\u00e1s\u00e1ra. <\/p>                    <\/div>\n\t\t        \n                    <div id=\"projekt-eredmnye-5-tab\" class=\"clearfix eael-tab-content-item inactive\" data-title-link=\"projekt-eredmnye-5-tab\">\n\t\t\t\t        <p><img loading=\"lazy\" decoding=\"async\" class=\"size-full wp-image-206 aligncenter\" src=\"http:\/\/project-win.eu\/wp-content\/uploads\/2022\/02\/out5.png\" alt=\"\" width=\"198\" height=\"198\" srcset=\"https:\/\/project-win.eu\/wp-content\/uploads\/2022\/02\/out5.png 198w, https:\/\/project-win.eu\/wp-content\/uploads\/2022\/02\/out5-150x150.png 150w\" sizes=\"(max-width: 198px) 100vw, 198px\" \/><\/p><p>Az e-WIN Platform fejleszt\u00e9se: Ahhoz, hogy sikeresen megval\u00f3s\u00edtsuk a projekt olyan jelent\u0151s elemeit, mint a fenntarthat\u00f3s\u00e1g, az \u00e1tadhat\u00f3s\u00e1g \u00e9s a projekt eredm\u00e9nyeihez val\u00f3 hozz\u00e1f\u00e9r\u00e9s, a partnerek interakt\u00edv e-learning platformot fejlesztenek ki. <\/p>                    <\/div>\n\t\t        \n                    <div id=\"projekt-eredmnye-6-tab\" class=\"clearfix eael-tab-content-item inactive\" data-title-link=\"projekt-eredmnye-6-tab\">\n\t\t\t\t        <p><img loading=\"lazy\" decoding=\"async\" class=\"size-full wp-image-208 aligncenter\" src=\"http:\/\/project-win.eu\/wp-content\/uploads\/2022\/02\/out6.png\" alt=\"\" width=\"198\" height=\"198\" srcset=\"https:\/\/project-win.eu\/wp-content\/uploads\/2022\/02\/out6.png 198w, https:\/\/project-win.eu\/wp-content\/uploads\/2022\/02\/out6-150x150.png 150w\" sizes=\"(max-width: 198px) 100vw, 198px\" \/><\/p><p>K\u00e9zik\u00f6nyv \u00e9s eszk\u00f6zt\u00e1r kidolgoz\u00e1sa munkahelyi innov\u00e1ci\u00f3s menedzserek \u00e9s politikai d\u00f6nt\u00e9shoz\u00f3k sz\u00e1m\u00e1ra: V\u00e1rhat\u00f3an ez lesz az els\u0151 olyan p\u00e1neur\u00f3pai k\u00e9zzelfoghat\u00f3 anyag, amely holisztikus keretet biztos\u00edt a munkahelyi innov\u00e1ci\u00f3s menedzser \u00faj szakmai profilj\u00e1hoz. <\/p>                    <\/div>\n\t\t                    <\/div>\n        <\/div>\n\t\t\t\t<\/div>\n\t\t\t\t<\/div>\n\t\t\t\t<div class=\"elementor-element elementor-element-4572dfc elementor-widget elementor-widget-spacer\" data-id=\"4572dfc\" data-element_type=\"widget\" data-e-type=\"widget\" data-widget_type=\"spacer.default\">\n\t\t\t\t<div class=\"elementor-widget-container\">\n\t\t\t\t\t\t\t<div class=\"elementor-spacer\">\n\t\t\t<div class=\"elementor-spacer-inner\"><\/div>\n\t\t<\/div>\n\t\t\t\t\t\t<\/div>\n\t\t\t\t<\/div>\n\t\t\t\t\t<\/div>\n\t\t<\/div>\n\t\t\t\t\t<\/div>\n\t\t<\/section>\n\t\t\t\t<section class=\"elementor-section elementor-top-section elementor-element elementor-element-dfb1ade elementor-section-boxed elementor-section-height-default elementor-section-height-default\" data-id=\"dfb1ade\" data-element_type=\"section\" data-e-type=\"section\" data-settings=\"{&quot;background_background&quot;:&quot;classic&quot;}\">\n\t\t\t\t\t\t<div class=\"elementor-container elementor-column-gap-default\">\n\t\t\t\t\t<div class=\"elementor-column elementor-col-33 elementor-top-column elementor-element elementor-element-36d7f41\" data-id=\"36d7f41\" data-element_type=\"column\" data-e-type=\"column\">\n\t\t\t<div class=\"elementor-widget-wrap elementor-element-populated\">\n\t\t\t\t\t\t<div class=\"elementor-element elementor-element-397279a elementor-widget elementor-widget-spacer\" data-id=\"397279a\" data-element_type=\"widget\" data-e-type=\"widget\" data-widget_type=\"spacer.default\">\n\t\t\t\t<div class=\"elementor-widget-container\">\n\t\t\t\t\t\t\t<div class=\"elementor-spacer\">\n\t\t\t<div class=\"elementor-spacer-inner\"><\/div>\n\t\t<\/div>\n\t\t\t\t\t\t<\/div>\n\t\t\t\t<\/div>\n\t\t\t\t<div class=\"elementor-element elementor-element-ace1394 elementor-widget elementor-widget-image\" data-id=\"ace1394\" data-element_type=\"widget\" data-e-type=\"widget\" data-widget_type=\"image.default\">\n\t\t\t\t<div class=\"elementor-widget-container\">\n\t\t\t\t\t\t\t\t\t\t\t\t\t\t\t<img loading=\"lazy\" decoding=\"async\" width=\"300\" height=\"63\" src=\"https:\/\/project-win.eu\/wp-content\/uploads\/2022\/02\/EN_Co-funded_by_the_EU-transparent-300x63.png\" class=\"attachment-medium size-medium wp-image-1054\" alt=\"\" srcset=\"https:\/\/project-win.eu\/wp-content\/uploads\/2022\/02\/EN_Co-funded_by_the_EU-transparent-300x63.png 300w, https:\/\/project-win.eu\/wp-content\/uploads\/2022\/02\/EN_Co-funded_by_the_EU-transparent-768x161.png 768w, https:\/\/project-win.eu\/wp-content\/uploads\/2022\/02\/EN_Co-funded_by_the_EU-transparent-720x151.png 720w, https:\/\/project-win.eu\/wp-content\/uploads\/2022\/02\/EN_Co-funded_by_the_EU-transparent.png 1024w\" sizes=\"(max-width: 300px) 100vw, 300px\" \/>\t\t\t\t\t\t\t\t\t\t\t\t\t\t\t<\/div>\n\t\t\t\t<\/div>\n\t\t\t\t<div class=\"elementor-element elementor-element-d3ce1ef elementor-widget elementor-widget-image\" data-id=\"d3ce1ef\" data-element_type=\"widget\" data-e-type=\"widget\" data-widget_type=\"image.default\">\n\t\t\t\t<div class=\"elementor-widget-container\">\n\t\t\t\t\t\t\t\t\t\t\t\t\t\t\t<img loading=\"lazy\" decoding=\"async\" width=\"213\" height=\"82\" src=\"https:\/\/project-win.eu\/wp-content\/uploads\/2024\/07\/License.png\" class=\"attachment-medium size-medium wp-image-1723\" alt=\"\" \/>\t\t\t\t\t\t\t\t\t\t\t\t\t\t\t<\/div>\n\t\t\t\t<\/div>\n\t\t\t\t<div class=\"elementor-element elementor-element-bb16d9b elementor-widget elementor-widget-text-editor\" data-id=\"bb16d9b\" data-element_type=\"widget\" data-e-type=\"widget\" data-widget_type=\"text-editor.default\">\n\t\t\t\t<div class=\"elementor-widget-container\">\n\t\t\t\t\t\t\t\t\t<p><i><span style=\"font-weight: 400;\">\u00a9 2022-2024. This work is licensed under a<\/span><\/i><a href=\"https:\/\/creativecommons.org\/licenses\/by-nc-sa\/4.0\/legalcode\"> <i><span style=\"font-weight: 400;\">CC BY-NC-SA 4.0 license.<\/span><\/i><\/a><\/p>\t\t\t\t\t\t\t\t<\/div>\n\t\t\t\t<\/div>\n\t\t\t\t<div class=\"elementor-element elementor-element-51b3113 elementor-widget elementor-widget-text-editor\" data-id=\"51b3113\" data-element_type=\"widget\" data-e-type=\"widget\" data-widget_type=\"text-editor.default\">\n\t\t\t\t<div class=\"elementor-widget-container\">\n\t\t\t\t\t\t\t\t\t<p>Az Eur\u00f3pai Uni\u00f3 finansz\u00edroz\u00e1s\u00e1val. A kifejtett n\u00e9zetek \u00e9s v\u00e9lem\u00e9nyek azonban kiz\u00e1r\u00f3lag a szerz\u0151(k) saj\u00e1tjai, \u00e9s nem felt\u00e9tlen\u00fcl t\u00fckr\u00f6zik az Eur\u00f3pai Uni\u00f3 vagy az Eur\u00f3pai Oktat\u00e1si \u00e9s Kultur\u00e1lis V\u00e9grehajt\u00f3 \u00dcgyn\u00f6ks\u00e9g (EACEA) v\u00e9lem\u00e9ny\u00e9t. Ezek\u00e9rt sem az Eur\u00f3pai Uni\u00f3, sem az EACEA nem tehet\u0151 felel\u0151ss\u00e9. 2021-1-DE02-KA220-VET-000032959<\/p>\t\t\t\t\t\t\t\t<\/div>\n\t\t\t\t<\/div>\n\t\t\t\t\t<\/div>\n\t\t<\/div>\n\t\t\t\t<div class=\"elementor-column elementor-col-33 elementor-top-column elementor-element elementor-element-298ae43\" data-id=\"298ae43\" data-element_type=\"column\" data-e-type=\"column\">\n\t\t\t<div class=\"elementor-widget-wrap\">\n\t\t\t\t\t\t\t<\/div>\n\t\t<\/div>\n\t\t\t\t<div class=\"elementor-column elementor-col-33 elementor-top-column elementor-element elementor-element-d6def15\" data-id=\"d6def15\" data-element_type=\"column\" data-e-type=\"column\">\n\t\t\t<div class=\"elementor-widget-wrap elementor-element-populated\">\n\t\t\t\t\t\t<div class=\"elementor-element elementor-element-e2b9d63 elementor-widget elementor-widget-spacer\" data-id=\"e2b9d63\" data-element_type=\"widget\" data-e-type=\"widget\" data-widget_type=\"spacer.default\">\n\t\t\t\t<div class=\"elementor-widget-container\">\n\t\t\t\t\t\t\t<div class=\"elementor-spacer\">\n\t\t\t<div class=\"elementor-spacer-inner\"><\/div>\n\t\t<\/div>\n\t\t\t\t\t\t<\/div>\n\t\t\t\t<\/div>\n\t\t\t\t<div class=\"elementor-element elementor-element-01f4986 elementor-widget elementor-widget-image\" data-id=\"01f4986\" data-element_type=\"widget\" data-e-type=\"widget\" data-widget_type=\"image.default\">\n\t\t\t\t<div class=\"elementor-widget-container\">\n\t\t\t\t\t\t\t\t\t\t\t\t\t\t\t\t<a href=\"http:\/\/project-win.eu\/\">\n\t\t\t\t\t\t\t<img loading=\"lazy\" decoding=\"async\" width=\"123\" height=\"121\" src=\"https:\/\/project-win.eu\/wp-content\/uploads\/2022\/02\/WIN-LOGO-xsmall-transparent.png\" class=\"attachment-medium size-medium wp-image-31\" alt=\"\" \/>\t\t\t\t\t\t\t\t<\/a>\n\t\t\t\t\t\t\t\t\t\t\t\t\t\t\t<\/div>\n\t\t\t\t<\/div>\n\t\t\t\t<div class=\"elementor-element elementor-element-bae688b elementor-widget elementor-widget-text-editor\" data-id=\"bae688b\" data-element_type=\"widget\" data-e-type=\"widget\" data-widget_type=\"text-editor.default\">\n\t\t\t\t<div class=\"elementor-widget-container\">\n\t\t\t\t\t\t\t\t\t<a style=\"color: #14213d;\" href=\"http:\/\/project-win.eu\/index.php\/terms-of-use\/\" target=\"_blank\" rel=\"noopener\">Terms of Use<\/a>\t\t\t\t\t\t\t\t<\/div>\n\t\t\t\t<\/div>\n\t\t\t\t<div class=\"elementor-element elementor-element-539211d elementor-shape-circle e-grid-align-right elementor-grid-0 elementor-widget elementor-widget-social-icons\" data-id=\"539211d\" data-element_type=\"widget\" data-e-type=\"widget\" data-widget_type=\"social-icons.default\">\n\t\t\t\t<div class=\"elementor-widget-container\">\n\t\t\t\t\t\t\t<div class=\"elementor-social-icons-wrapper elementor-grid\" role=\"list\">\n\t\t\t\t\t\t\t<span class=\"elementor-grid-item\" role=\"listitem\">\n\t\t\t\t\t<a class=\"elementor-icon elementor-social-icon elementor-social-icon-facebook elementor-animation-grow elementor-repeater-item-9659192\" href=\"https:\/\/www.facebook.com\/wineuproject\/\" target=\"_blank\">\n\t\t\t\t\t\t<span class=\"elementor-screen-only\">Facebook<\/span>\n\t\t\t\t\t\t<i aria-hidden=\"true\" class=\"fab fa-facebook\"><\/i>\t\t\t\t\t<\/a>\n\t\t\t\t<\/span>\n\t\t\t\t\t\t\t<span class=\"elementor-grid-item\" role=\"listitem\">\n\t\t\t\t\t<a class=\"elementor-icon elementor-social-icon elementor-social-icon-linkedin elementor-animation-grow elementor-repeater-item-6fa8437\" href=\"https:\/\/www.linkedin.com\/company\/82928580\/admin\/\" target=\"_blank\">\n\t\t\t\t\t\t<span class=\"elementor-screen-only\">Linkedin<\/span>\n\t\t\t\t\t\t<i aria-hidden=\"true\" class=\"fab fa-linkedin\"><\/i>\t\t\t\t\t<\/a>\n\t\t\t\t<\/span>\n\t\t\t\t\t<\/div>\n\t\t\t\t\t\t<\/div>\n\t\t\t\t<\/div>\n\t\t\t\t\t<\/div>\n\t\t<\/div>\n\t\t\t\t\t<\/div>\n\t\t<\/section>\n\t\t\t\t<section class=\"elementor-section elementor-top-section elementor-element elementor-element-0888baa elementor-section-boxed elementor-section-height-default elementor-section-height-default\" data-id=\"0888baa\" data-element_type=\"section\" data-e-type=\"section\" data-settings=\"{&quot;background_background&quot;:&quot;classic&quot;}\">\n\t\t\t\t\t\t<div class=\"elementor-container elementor-column-gap-default\">\n\t\t\t\t\t<div class=\"elementor-column elementor-col-100 elementor-top-column elementor-element elementor-element-1b9a5c7\" data-id=\"1b9a5c7\" data-element_type=\"column\" data-e-type=\"column\">\n\t\t\t<div class=\"elementor-widget-wrap elementor-element-populated\">\n\t\t\t\t\t\t<div class=\"elementor-element elementor-element-2e90b47 elementor-widget-divider--view-line elementor-widget elementor-widget-divider\" data-id=\"2e90b47\" data-element_type=\"widget\" data-e-type=\"widget\" data-widget_type=\"divider.default\">\n\t\t\t\t<div class=\"elementor-widget-container\">\n\t\t\t\t\t\t\t<div class=\"elementor-divider\">\n\t\t\t<span class=\"elementor-divider-separator\">\n\t\t\t\t\t\t<\/span>\n\t\t<\/div>\n\t\t\t\t\t\t<\/div>\n\t\t\t\t<\/div>\n\t\t\t\t\t<\/div>\n\t\t<\/div>\n\t\t\t\t\t<\/div>\n\t\t<\/section>\n\t\t\t\t<section class=\"elementor-section elementor-top-section elementor-element elementor-element-b7c6d45 elementor-section-boxed elementor-section-height-default elementor-section-height-default\" data-id=\"b7c6d45\" data-element_type=\"section\" data-e-type=\"section\" data-settings=\"{&quot;background_background&quot;:&quot;classic&quot;}\">\n\t\t\t\t\t\t<div class=\"elementor-container elementor-column-gap-default\">\n\t\t\t\t\t<div class=\"elementor-column elementor-col-33 elementor-top-column elementor-element elementor-element-1aa6ee3\" data-id=\"1aa6ee3\" data-element_type=\"column\" data-e-type=\"column\">\n\t\t\t<div class=\"elementor-widget-wrap elementor-element-populated\">\n\t\t\t\t\t\t<div class=\"elementor-element elementor-element-8978104 elementor-widget elementor-widget-text-editor\" data-id=\"8978104\" data-element_type=\"widget\" data-e-type=\"widget\" data-widget_type=\"text-editor.default\">\n\t\t\t\t<div class=\"elementor-widget-container\">\n\t\t\t\t\t\t\t\t\t<p><span style=\"color: #14213d;\">Copyright \u00a9 2022 WIN. All Rights Reserved<\/span><\/p>\t\t\t\t\t\t\t\t<\/div>\n\t\t\t\t<\/div>\n\t\t\t\t\t<\/div>\n\t\t<\/div>\n\t\t\t\t<div class=\"elementor-column elementor-col-33 elementor-top-column elementor-element elementor-element-ab1d207\" data-id=\"ab1d207\" data-element_type=\"column\" data-e-type=\"column\">\n\t\t\t<div class=\"elementor-widget-wrap\">\n\t\t\t\t\t\t\t<\/div>\n\t\t<\/div>\n\t\t\t\t<div class=\"elementor-column elementor-col-33 elementor-top-column elementor-element elementor-element-26f7260\" data-id=\"26f7260\" data-element_type=\"column\" data-e-type=\"column\">\n\t\t\t<div class=\"elementor-widget-wrap elementor-element-populated\">\n\t\t\t\t\t\t<div class=\"elementor-element elementor-element-58ca15a elementor-widget elementor-widget-text-editor\" data-id=\"58ca15a\" data-element_type=\"widget\" data-e-type=\"widget\" data-widget_type=\"text-editor.default\">\n\t\t\t\t<div class=\"elementor-widget-container\">\n\t\t\t\t\t\t\t\t\t<span style=\"color: #14213d; text-align: right;\">Powered by\u00a0<\/span><a style=\"color: #14213d; text-align: right;\" href=\"https:\/\/innovationhive.eu\/\" target=\"_blank\" rel=\"noopener\">Innovation Hive<\/a>\t\t\t\t\t\t\t\t<\/div>\n\t\t\t\t<\/div>\n\t\t\t\t\t<\/div>\n\t\t<\/div>\n\t\t\t\t\t<\/div>\n\t\t<\/section>\n\t\t\t\t<\/div>\n\t\t","protected":false},"excerpt":{"rendered":"<p>Projekt eredm\u00e9nyei Projekt eredm\u00e9nye 1 Projekt eredm\u00e9nye 2 Projekt eredm\u00e9nye 3 Projekt eredm\u00e9nye 4 Projekt eredm\u00e9nye 5 Projekt eredm\u00e9nye 6 [&hellip;]<\/p>\n","protected":false},"author":1,"featured_media":0,"parent":0,"menu_order":0,"comment_status":"closed","ping_status":"closed","template":"page-templates\/template_page-builder.php","meta":{"_monsterinsights_skip_tracking":false,"_monsterinsights_sitenote_active":false,"_monsterinsights_sitenote_note":"","_monsterinsights_sitenote_category":0,"footnotes":""},"class_list":["post-616","page","type-page","status-publish","hentry"],"aioseo_notices":[],"_links":{"self":[{"href":"https:\/\/project-win.eu\/index.php\/wp-json\/wp\/v2\/pages\/616","targetHints":{"allow":["GET"]}}],"collection":[{"href":"https:\/\/project-win.eu\/index.php\/wp-json\/wp\/v2\/pages"}],"about":[{"href":"https:\/\/project-win.eu\/index.php\/wp-json\/wp\/v2\/types\/page"}],"author":[{"embeddable":true,"href":"https:\/\/project-win.eu\/index.php\/wp-json\/wp\/v2\/users\/1"}],"replies":[{"embeddable":true,"href":"https:\/\/project-win.eu\/index.php\/wp-json\/wp\/v2\/comments?post=616"}],"version-history":[{"count":31,"href":"https:\/\/project-win.eu\/index.php\/wp-json\/wp\/v2\/pages\/616\/revisions"}],"predecessor-version":[{"id":2070,"href":"https:\/\/project-win.eu\/index.php\/wp-json\/wp\/v2\/pages\/616\/revisions\/2070"}],"wp:attachment":[{"href":"https:\/\/project-win.eu\/index.php\/wp-json\/wp\/v2\/media?parent=616"}],"curies":[{"name":"wp","href":"https:\/\/api.w.org\/{rel}","templated":true}]}}