{"id":607,"date":"2022-04-12T06:21:59","date_gmt":"2022-04-12T06:21:59","guid":{"rendered":"https:\/\/project-win.eu\/?page_id=607"},"modified":"2024-07-23T13:46:11","modified_gmt":"2024-07-23T13:46:11","slug":"a-projekt","status":"publish","type":"page","link":"https:\/\/project-win.eu\/index.php\/hu\/a-projekt\/","title":{"rendered":"A projekt"},"content":{"rendered":"\t\t<div data-elementor-type=\"wp-page\" data-elementor-id=\"607\" class=\"elementor elementor-607\">\n\t\t\t\t\t\t<section class=\"elementor-section elementor-top-section elementor-element elementor-element-0ccee89 elementor-section-boxed elementor-section-height-default elementor-section-height-default\" data-id=\"0ccee89\" data-element_type=\"section\" data-e-type=\"section\" data-settings=\"{&quot;background_background&quot;:&quot;classic&quot;}\">\n\t\t\t\t\t\t\t<div class=\"elementor-background-overlay\"><\/div>\n\t\t\t\t\t\t\t<div class=\"elementor-container elementor-column-gap-default\">\n\t\t\t\t\t<div class=\"elementor-column elementor-col-100 elementor-top-column elementor-element elementor-element-efff555\" data-id=\"efff555\" data-element_type=\"column\" data-e-type=\"column\">\n\t\t\t<div class=\"elementor-widget-wrap elementor-element-populated\">\n\t\t\t\t\t\t<div class=\"elementor-element elementor-element-a253cdf elementor-widget elementor-widget-spacer\" data-id=\"a253cdf\" data-element_type=\"widget\" data-e-type=\"widget\" data-widget_type=\"spacer.default\">\n\t\t\t\t<div class=\"elementor-widget-container\">\n\t\t\t\t\t\t\t<div class=\"elementor-spacer\">\n\t\t\t<div class=\"elementor-spacer-inner\"><\/div>\n\t\t<\/div>\n\t\t\t\t\t\t<\/div>\n\t\t\t\t<\/div>\n\t\t\t\t<div class=\"elementor-element elementor-element-6fb269f elementor-widget elementor-widget-heading\" data-id=\"6fb269f\" data-element_type=\"widget\" data-e-type=\"widget\" data-widget_type=\"heading.default\">\n\t\t\t\t<div class=\"elementor-widget-container\">\n\t\t\t\t\t<h3 class=\"elementor-heading-title elementor-size-default\">A projekt le\u00edr\u00e1sa<\/h3>\t\t\t\t<\/div>\n\t\t\t\t<\/div>\n\t\t\t\t<div class=\"elementor-element elementor-element-f06d4aa elementor-widget elementor-widget-spacer\" data-id=\"f06d4aa\" data-element_type=\"widget\" data-e-type=\"widget\" data-widget_type=\"spacer.default\">\n\t\t\t\t<div class=\"elementor-widget-container\">\n\t\t\t\t\t\t\t<div class=\"elementor-spacer\">\n\t\t\t<div class=\"elementor-spacer-inner\"><\/div>\n\t\t<\/div>\n\t\t\t\t\t\t<\/div>\n\t\t\t\t<\/div>\n\t\t\t\t<section class=\"elementor-section elementor-inner-section elementor-element elementor-element-db34ba4 elementor-section-boxed elementor-section-height-default elementor-section-height-default\" data-id=\"db34ba4\" data-element_type=\"section\" data-e-type=\"section\">\n\t\t\t\t\t\t<div class=\"elementor-container elementor-column-gap-default\">\n\t\t\t\t\t<div class=\"elementor-column elementor-col-50 elementor-inner-column elementor-element elementor-element-554589c\" data-id=\"554589c\" data-element_type=\"column\" data-e-type=\"column\">\n\t\t\t<div class=\"elementor-widget-wrap elementor-element-populated\">\n\t\t\t\t\t\t<div class=\"elementor-element elementor-element-cbb048e elementor-widget elementor-widget-text-editor\" data-id=\"cbb048e\" data-element_type=\"widget\" data-e-type=\"widget\" data-widget_type=\"text-editor.default\">\n\t\t\t\t<div class=\"elementor-widget-container\">\n\t\t\t\t\t\t\t\t\t<p>A Covid-19 vil\u00e1gj\u00e1rv\u00e1ny k\u00f6vetkezt\u00e9ben m\u00e9g a kor\u00e1bban \u201edigit\u00e1lisan lusta\u201d c\u00e9geknek is fokozniuk kell digit\u00e1lis kapacit\u00e1sukat: videokonferencia, dokumentummegoszt\u00e1s, felh\u0151megold\u00e1sok, inform\u00e1ci\u00f3biztons\u00e1g stb. ter\u00e9n. Az eredm\u00e9ny meredek tanul\u00e1si g\u00f6rb\u00e9t fog mutatni. Azok a vezet\u0151k, akik kor\u00e1bban elz\u00e1rk\u00f3ztak att\u00f3l, hogy az emberek otthonr\u00f3l dolgozhassanak, \u00e9szre fogj\u00e1k venni, hogy egyesek produkt\u00edvabbak lesznek, ha saj\u00e1t k\u00f6rnyezet\u00fckben dolgozhatnak. Mindez gondolkod\u00e1sm\u00f3d-v\u00e1lt\u00e1shoz vezethet, \u00e9s hatalmas digitaliz\u00e1ci\u00f3s er\u0151fesz\u00edt\u00e9seket id\u00e9zhet el\u0151 az elk\u00f6vetkez\u0151 \u00e9vekben. Ezt az er\u0151fesz\u00edt\u00e9st transznacion\u00e1lisan kell v\u00e9grehajtani, az EU alapj\u00e1t k\u00e9pez\u0151 szellem \u00e9s \u00e9rt\u00e9kek szerint.<\/p>\t\t\t\t\t\t\t\t<\/div>\n\t\t\t\t<\/div>\n\t\t\t\t\t<\/div>\n\t\t<\/div>\n\t\t\t\t<div class=\"elementor-column elementor-col-50 elementor-inner-column elementor-element elementor-element-2150a55\" data-id=\"2150a55\" data-element_type=\"column\" data-e-type=\"column\">\n\t\t\t<div class=\"elementor-widget-wrap elementor-element-populated\">\n\t\t\t\t\t\t<div class=\"elementor-element elementor-element-fa9f17e elementor-widget elementor-widget-image\" data-id=\"fa9f17e\" data-element_type=\"widget\" data-e-type=\"widget\" data-widget_type=\"image.default\">\n\t\t\t\t<div class=\"elementor-widget-container\">\n\t\t\t\t\t\t\t\t\t\t\t\t\t\t\t<img fetchpriority=\"high\" decoding=\"async\" width=\"1024\" height=\"683\" src=\"https:\/\/project-win.eu\/wp-content\/uploads\/2022\/02\/charles-deluvio-Lks7vei-eAg-unsplash-1-1024x683.jpg\" class=\"attachment-large size-large wp-image-16\" alt=\"\" srcset=\"https:\/\/project-win.eu\/wp-content\/uploads\/2022\/02\/charles-deluvio-Lks7vei-eAg-unsplash-1-1024x683.jpg 1024w, https:\/\/project-win.eu\/wp-content\/uploads\/2022\/02\/charles-deluvio-Lks7vei-eAg-unsplash-1-300x200.jpg 300w, https:\/\/project-win.eu\/wp-content\/uploads\/2022\/02\/charles-deluvio-Lks7vei-eAg-unsplash-1-768x512.jpg 768w, https:\/\/project-win.eu\/wp-content\/uploads\/2022\/02\/charles-deluvio-Lks7vei-eAg-unsplash-1-1536x1024.jpg 1536w, https:\/\/project-win.eu\/wp-content\/uploads\/2022\/02\/charles-deluvio-Lks7vei-eAg-unsplash-1-2048x1365.jpg 2048w, https:\/\/project-win.eu\/wp-content\/uploads\/2022\/02\/charles-deluvio-Lks7vei-eAg-unsplash-1-900x600.jpg 900w, https:\/\/project-win.eu\/wp-content\/uploads\/2022\/02\/charles-deluvio-Lks7vei-eAg-unsplash-1-500x333.jpg 500w\" sizes=\"(max-width: 1024px) 100vw, 1024px\" \/>\t\t\t\t\t\t\t\t\t\t\t\t\t\t\t<\/div>\n\t\t\t\t<\/div>\n\t\t\t\t\t<\/div>\n\t\t<\/div>\n\t\t\t\t\t<\/div>\n\t\t<\/section>\n\t\t\t\t<div class=\"elementor-element elementor-element-f7576a4 elementor-widget elementor-widget-text-editor\" data-id=\"f7576a4\" data-element_type=\"widget\" data-e-type=\"widget\" data-widget_type=\"text-editor.default\">\n\t\t\t\t<div class=\"elementor-widget-container\">\n\t\t\t\t\t\t\t\t\t<p>Ennek keret\u00e9ben a WIN projekt k\u00f6zvetlen\u00fcl foglalkozik azokkal az ig\u00e9nyekkel \u00e9s kih\u00edv\u00e1sokkal, amelyekkel a v\u00e1llalatok, kkv-k \u00e9s szervezetek szembes\u00fclnek a munkahelyi innov\u00e1ci\u00f3 menedzsel\u00e9s\u00e9re \u00e9s el\u0151mozd\u00edt\u00e1s\u00e1ra ir\u00e1nyul\u00f3 er\u0151fesz\u00edt\u00e9seik sor\u00e1n, a Workplace Innovation Manager szakmai profilj\u00e1nak bevezet\u00e9s\u00e9vel. A WIN projekt a Workplace Innovation Manager szerep\u00e9t olyan bels\u0151 tud\u00e1sk\u00f6zpontk\u00e9nt jelen\u00edti meg, amely k\u00e9pes lesz elterjeszteni az \u00f6tletmenedzsmentr\u0151l, a tervez\u00e9si gondolkod\u00e1sr\u00f3l \u00e9s az innov\u00e1ci\u00f3s k\u00e9pess\u00e9gekr\u0151l sz\u00f3l\u00f3 koncepci\u00f3kat a szervezetben.<\/p>\t\t\t\t\t\t\t\t<\/div>\n\t\t\t\t<\/div>\n\t\t\t\t<div class=\"elementor-element elementor-element-d0cd967 elementor-widget elementor-widget-spacer\" data-id=\"d0cd967\" data-element_type=\"widget\" data-e-type=\"widget\" data-widget_type=\"spacer.default\">\n\t\t\t\t<div class=\"elementor-widget-container\">\n\t\t\t\t\t\t\t<div class=\"elementor-spacer\">\n\t\t\t<div class=\"elementor-spacer-inner\"><\/div>\n\t\t<\/div>\n\t\t\t\t\t\t<\/div>\n\t\t\t\t<\/div>\n\t\t\t\t<div class=\"elementor-element elementor-element-502d861 elementor-widget elementor-widget-heading\" data-id=\"502d861\" data-element_type=\"widget\" data-e-type=\"widget\" data-widget_type=\"heading.default\">\n\t\t\t\t<div class=\"elementor-widget-container\">\n\t\t\t\t\t<h3 class=\"elementor-heading-title elementor-size-default\">Hat\u00e1s<\/h3>\t\t\t\t<\/div>\n\t\t\t\t<\/div>\n\t\t\t\t<div class=\"elementor-element elementor-element-ee9d88d elementor-widget elementor-widget-spacer\" data-id=\"ee9d88d\" data-element_type=\"widget\" data-e-type=\"widget\" data-widget_type=\"spacer.default\">\n\t\t\t\t<div class=\"elementor-widget-container\">\n\t\t\t\t\t\t\t<div class=\"elementor-spacer\">\n\t\t\t<div class=\"elementor-spacer-inner\"><\/div>\n\t\t<\/div>\n\t\t\t\t\t\t<\/div>\n\t\t\t\t<\/div>\n\t\t\t\t<div class=\"elementor-element elementor-element-57c0ffd elementor-widget elementor-widget-text-editor\" data-id=\"57c0ffd\" data-element_type=\"widget\" data-e-type=\"widget\" data-widget_type=\"text-editor.default\">\n\t\t\t\t<div class=\"elementor-widget-container\">\n\t\t\t\t\t\t\t\t\t<p>A WIN projekt v\u00e1rhat\u00f3an jelent\u0151s \u00e9s radik\u00e1lis hat\u00e1st fog gyakorolni a projekt r\u00e9sztvev\u0151ire, partnereire, c\u00e9lcsoportjaira, valamint a projekt orsz\u00e1gaira, p\u00e9ld\u00e1ul az eur\u00f3pai kkv-k vezet\u0151inek \u00e9s alkalmazottainak k\u00e9szs\u00e9geinek \u00e9s kompetenci\u00e1inak fejleszt\u00e9s\u00e9re, valamint az eur\u00f3pai kapacit\u00e1s javul\u00e1s\u00e1ra. A c\u00e9l, hogy a kkv-k \u00e9letk\u00e9pes \u00e9s fenntarthat\u00f3 m\u00f3don val\u00f3s\u00edts\u00e1k meg a munkahelyi innov\u00e1ci\u00f3t, hozzanak fokozott motiv\u00e1ci\u00f3 \u00e9s jobb munkak\u00f6r\u00fclm\u00e9nyek a munkav\u00e1llal\u00f3k sz\u00e1m\u00e1ra, r\u00e1ebr\u00e9ssz\u00e9k a KKV-ket a munkahelyi innov\u00e1ci\u00f3b\u00f3l sz\u00e1rmaz\u00f3 el\u0151ny\u00f6kre, vezessenek be \u00faj, kontextus alap\u00fa mechanizmusokat a munkahelyi innov\u00e1ci\u00f3 \u00e1tv\u00e9tel\u00e9nek t\u00e1mogat\u00e1s\u00e1ra, \u00faj vezet\u00e9si megk\u00f6zel\u00edt\u00e9seket \u00e9s bev\u00e1lt gyakorlatokat, valamint egy\u00fcttm\u0171k\u00f6d\u00e9si meg\u00e1llapod\u00e1sokat, tov\u00e1bbfejlesztett strukt\u00far\u00e1kat \u00e9s eszk\u00f6z\u00f6ket, amelyek biztos\u00edthatj\u00e1k az innov\u00e1ci\u00f3 \u00e1tv\u00e9tel\u00e9t, a k\u00e9pzettebb munkaer\u0151t \u00e9s a rugalmasabb v\u00e1llalatokat.<\/p><p>\u00a0<\/p><p>\u00a0<\/p><p>\u00a0<\/p><p>\u00a0<\/p><p>\u00a0<\/p><p>\u00a0<\/p><p>\u00a0<\/p><p>\u00a0<\/p><p>\u00a0<\/p><p>\u00a0<\/p><p>\u00a0<\/p>\t\t\t\t\t\t\t\t<\/div>\n\t\t\t\t<\/div>\n\t\t\t\t\t<\/div>\n\t\t<\/div>\n\t\t\t\t\t<\/div>\n\t\t<\/section>\n\t\t\t\t<section class=\"elementor-section elementor-top-section elementor-element elementor-element-1e7f692 elementor-section-boxed elementor-section-height-default elementor-section-height-default\" data-id=\"1e7f692\" data-element_type=\"section\" data-e-type=\"section\" data-settings=\"{&quot;background_background&quot;:&quot;classic&quot;}\">\n\t\t\t\t\t\t<div class=\"elementor-container elementor-column-gap-default\">\n\t\t\t\t\t<div class=\"elementor-column elementor-col-33 elementor-top-column elementor-element elementor-element-30351ef\" data-id=\"30351ef\" data-element_type=\"column\" data-e-type=\"column\">\n\t\t\t<div class=\"elementor-widget-wrap elementor-element-populated\">\n\t\t\t\t\t\t<div class=\"elementor-element elementor-element-b54f153 elementor-widget elementor-widget-spacer\" data-id=\"b54f153\" data-element_type=\"widget\" data-e-type=\"widget\" data-widget_type=\"spacer.default\">\n\t\t\t\t<div class=\"elementor-widget-container\">\n\t\t\t\t\t\t\t<div class=\"elementor-spacer\">\n\t\t\t<div class=\"elementor-spacer-inner\"><\/div>\n\t\t<\/div>\n\t\t\t\t\t\t<\/div>\n\t\t\t\t<\/div>\n\t\t\t\t<div class=\"elementor-element elementor-element-a019224 elementor-widget elementor-widget-image\" data-id=\"a019224\" data-element_type=\"widget\" data-e-type=\"widget\" data-widget_type=\"image.default\">\n\t\t\t\t<div class=\"elementor-widget-container\">\n\t\t\t\t\t\t\t\t\t\t\t\t\t\t\t<img decoding=\"async\" width=\"300\" height=\"63\" src=\"https:\/\/project-win.eu\/wp-content\/uploads\/2022\/02\/EN_Co-funded_by_the_EU-transparent-300x63.png\" class=\"attachment-medium size-medium wp-image-1054\" alt=\"\" srcset=\"https:\/\/project-win.eu\/wp-content\/uploads\/2022\/02\/EN_Co-funded_by_the_EU-transparent-300x63.png 300w, https:\/\/project-win.eu\/wp-content\/uploads\/2022\/02\/EN_Co-funded_by_the_EU-transparent-768x161.png 768w, https:\/\/project-win.eu\/wp-content\/uploads\/2022\/02\/EN_Co-funded_by_the_EU-transparent-720x151.png 720w, https:\/\/project-win.eu\/wp-content\/uploads\/2022\/02\/EN_Co-funded_by_the_EU-transparent.png 1024w\" sizes=\"(max-width: 300px) 100vw, 300px\" \/>\t\t\t\t\t\t\t\t\t\t\t\t\t\t\t<\/div>\n\t\t\t\t<\/div>\n\t\t\t\t<div class=\"elementor-element elementor-element-bf2f35c elementor-widget elementor-widget-image\" data-id=\"bf2f35c\" data-element_type=\"widget\" data-e-type=\"widget\" data-widget_type=\"image.default\">\n\t\t\t\t<div class=\"elementor-widget-container\">\n\t\t\t\t\t\t\t\t\t\t\t\t\t\t\t<img decoding=\"async\" width=\"213\" height=\"82\" src=\"https:\/\/project-win.eu\/wp-content\/uploads\/2024\/07\/License.png\" class=\"attachment-medium size-medium wp-image-1723\" alt=\"\" \/>\t\t\t\t\t\t\t\t\t\t\t\t\t\t\t<\/div>\n\t\t\t\t<\/div>\n\t\t\t\t<div class=\"elementor-element elementor-element-00fccd0 elementor-widget elementor-widget-text-editor\" data-id=\"00fccd0\" data-element_type=\"widget\" data-e-type=\"widget\" data-widget_type=\"text-editor.default\">\n\t\t\t\t<div class=\"elementor-widget-container\">\n\t\t\t\t\t\t\t\t\t<p><i><span style=\"font-weight: 400;\">\u00a9 2022-2024. This work is licensed under a<\/span><\/i><a href=\"https:\/\/creativecommons.org\/licenses\/by-nc-sa\/4.0\/legalcode\"> <i><span style=\"font-weight: 400;\">CC BY-NC-SA 4.0 license.<\/span><\/i><\/a><\/p>\t\t\t\t\t\t\t\t<\/div>\n\t\t\t\t<\/div>\n\t\t\t\t<div class=\"elementor-element elementor-element-e09af23 elementor-widget elementor-widget-text-editor\" data-id=\"e09af23\" data-element_type=\"widget\" data-e-type=\"widget\" data-widget_type=\"text-editor.default\">\n\t\t\t\t<div class=\"elementor-widget-container\">\n\t\t\t\t\t\t\t\t\t<p>Az Eur\u00f3pai Uni\u00f3 finansz\u00edroz\u00e1s\u00e1val. A kifejtett n\u00e9zetek \u00e9s v\u00e9lem\u00e9nyek azonban kiz\u00e1r\u00f3lag a szerz\u0151(k) saj\u00e1tjai, \u00e9s nem felt\u00e9tlen\u00fcl t\u00fckr\u00f6zik az Eur\u00f3pai Uni\u00f3 vagy az Eur\u00f3pai Oktat\u00e1si \u00e9s Kultur\u00e1lis V\u00e9grehajt\u00f3 \u00dcgyn\u00f6ks\u00e9g (EACEA) v\u00e9lem\u00e9ny\u00e9t. Ezek\u00e9rt sem az Eur\u00f3pai Uni\u00f3, sem az EACEA nem tehet\u0151 felel\u0151ss\u00e9. 2021-1-DE02-KA220-VET-000032959<\/p>\t\t\t\t\t\t\t\t<\/div>\n\t\t\t\t<\/div>\n\t\t\t\t\t<\/div>\n\t\t<\/div>\n\t\t\t\t<div class=\"elementor-column elementor-col-33 elementor-top-column elementor-element elementor-element-637721b\" data-id=\"637721b\" data-element_type=\"column\" data-e-type=\"column\">\n\t\t\t<div class=\"elementor-widget-wrap\">\n\t\t\t\t\t\t\t<\/div>\n\t\t<\/div>\n\t\t\t\t<div class=\"elementor-column elementor-col-33 elementor-top-column elementor-element elementor-element-7efa8ff\" data-id=\"7efa8ff\" data-element_type=\"column\" data-e-type=\"column\">\n\t\t\t<div class=\"elementor-widget-wrap elementor-element-populated\">\n\t\t\t\t\t\t<div class=\"elementor-element elementor-element-46e8feb elementor-widget elementor-widget-spacer\" data-id=\"46e8feb\" data-element_type=\"widget\" data-e-type=\"widget\" data-widget_type=\"spacer.default\">\n\t\t\t\t<div class=\"elementor-widget-container\">\n\t\t\t\t\t\t\t<div class=\"elementor-spacer\">\n\t\t\t<div class=\"elementor-spacer-inner\"><\/div>\n\t\t<\/div>\n\t\t\t\t\t\t<\/div>\n\t\t\t\t<\/div>\n\t\t\t\t<div class=\"elementor-element elementor-element-2e6b642 elementor-widget elementor-widget-image\" data-id=\"2e6b642\" data-element_type=\"widget\" data-e-type=\"widget\" data-widget_type=\"image.default\">\n\t\t\t\t<div class=\"elementor-widget-container\">\n\t\t\t\t\t\t\t\t\t\t\t\t\t\t\t\t<a href=\"http:\/\/project-win.eu\/\">\n\t\t\t\t\t\t\t<img loading=\"lazy\" decoding=\"async\" width=\"123\" height=\"121\" src=\"https:\/\/project-win.eu\/wp-content\/uploads\/2022\/02\/WIN-LOGO-xsmall-transparent.png\" class=\"attachment-medium size-medium wp-image-31\" alt=\"\" \/>\t\t\t\t\t\t\t\t<\/a>\n\t\t\t\t\t\t\t\t\t\t\t\t\t\t\t<\/div>\n\t\t\t\t<\/div>\n\t\t\t\t<div class=\"elementor-element elementor-element-e3c8611 elementor-widget elementor-widget-text-editor\" data-id=\"e3c8611\" data-element_type=\"widget\" data-e-type=\"widget\" data-widget_type=\"text-editor.default\">\n\t\t\t\t<div class=\"elementor-widget-container\">\n\t\t\t\t\t\t\t\t\t<a style=\"color: #14213d;\" href=\"http:\/\/project-win.eu\/index.php\/terms-of-use\/\" target=\"_blank\" rel=\"noopener\">Terms of Use<\/a>\t\t\t\t\t\t\t\t<\/div>\n\t\t\t\t<\/div>\n\t\t\t\t<div class=\"elementor-element elementor-element-0eaadd8 elementor-shape-circle e-grid-align-right elementor-grid-0 elementor-widget elementor-widget-social-icons\" data-id=\"0eaadd8\" data-element_type=\"widget\" data-e-type=\"widget\" data-widget_type=\"social-icons.default\">\n\t\t\t\t<div class=\"elementor-widget-container\">\n\t\t\t\t\t\t\t<div class=\"elementor-social-icons-wrapper elementor-grid\" role=\"list\">\n\t\t\t\t\t\t\t<span class=\"elementor-grid-item\" role=\"listitem\">\n\t\t\t\t\t<a class=\"elementor-icon elementor-social-icon elementor-social-icon-facebook elementor-animation-grow elementor-repeater-item-9659192\" href=\"https:\/\/www.facebook.com\/wineuproject\/\" target=\"_blank\">\n\t\t\t\t\t\t<span class=\"elementor-screen-only\">Facebook<\/span>\n\t\t\t\t\t\t<i aria-hidden=\"true\" class=\"fab fa-facebook\"><\/i>\t\t\t\t\t<\/a>\n\t\t\t\t<\/span>\n\t\t\t\t\t\t\t<span class=\"elementor-grid-item\" role=\"listitem\">\n\t\t\t\t\t<a class=\"elementor-icon elementor-social-icon elementor-social-icon-linkedin elementor-animation-grow elementor-repeater-item-6fa8437\" href=\"https:\/\/www.linkedin.com\/company\/82928580\/admin\/\" target=\"_blank\">\n\t\t\t\t\t\t<span class=\"elementor-screen-only\">Linkedin<\/span>\n\t\t\t\t\t\t<i aria-hidden=\"true\" class=\"fab fa-linkedin\"><\/i>\t\t\t\t\t<\/a>\n\t\t\t\t<\/span>\n\t\t\t\t\t<\/div>\n\t\t\t\t\t\t<\/div>\n\t\t\t\t<\/div>\n\t\t\t\t\t<\/div>\n\t\t<\/div>\n\t\t\t\t\t<\/div>\n\t\t<\/section>\n\t\t\t\t<section class=\"elementor-section elementor-top-section elementor-element elementor-element-a44f31f elementor-section-boxed elementor-section-height-default elementor-section-height-default\" data-id=\"a44f31f\" data-element_type=\"section\" data-e-type=\"section\" data-settings=\"{&quot;background_background&quot;:&quot;classic&quot;}\">\n\t\t\t\t\t\t<div class=\"elementor-container elementor-column-gap-default\">\n\t\t\t\t\t<div class=\"elementor-column elementor-col-100 elementor-top-column elementor-element elementor-element-9eb2fc8\" data-id=\"9eb2fc8\" data-element_type=\"column\" data-e-type=\"column\">\n\t\t\t<div class=\"elementor-widget-wrap elementor-element-populated\">\n\t\t\t\t\t\t<div class=\"elementor-element elementor-element-a78daf3 elementor-widget-divider--view-line elementor-widget elementor-widget-divider\" data-id=\"a78daf3\" data-element_type=\"widget\" data-e-type=\"widget\" data-widget_type=\"divider.default\">\n\t\t\t\t<div class=\"elementor-widget-container\">\n\t\t\t\t\t\t\t<div class=\"elementor-divider\">\n\t\t\t<span class=\"elementor-divider-separator\">\n\t\t\t\t\t\t<\/span>\n\t\t<\/div>\n\t\t\t\t\t\t<\/div>\n\t\t\t\t<\/div>\n\t\t\t\t\t<\/div>\n\t\t<\/div>\n\t\t\t\t\t<\/div>\n\t\t<\/section>\n\t\t\t\t<section class=\"elementor-section elementor-top-section elementor-element elementor-element-17a3a63 elementor-section-boxed elementor-section-height-default elementor-section-height-default\" data-id=\"17a3a63\" data-element_type=\"section\" data-e-type=\"section\" data-settings=\"{&quot;background_background&quot;:&quot;classic&quot;}\">\n\t\t\t\t\t\t<div class=\"elementor-container elementor-column-gap-default\">\n\t\t\t\t\t<div class=\"elementor-column elementor-col-33 elementor-top-column elementor-element elementor-element-5778abd\" data-id=\"5778abd\" data-element_type=\"column\" data-e-type=\"column\">\n\t\t\t<div class=\"elementor-widget-wrap elementor-element-populated\">\n\t\t\t\t\t\t<div class=\"elementor-element elementor-element-6b2c025 elementor-widget elementor-widget-text-editor\" data-id=\"6b2c025\" data-element_type=\"widget\" data-e-type=\"widget\" data-widget_type=\"text-editor.default\">\n\t\t\t\t<div class=\"elementor-widget-container\">\n\t\t\t\t\t\t\t\t\t<p><span style=\"color: #14213d;\">Copyright \u00a9 2022 WIN. All Rights Reserved<\/span><\/p>\t\t\t\t\t\t\t\t<\/div>\n\t\t\t\t<\/div>\n\t\t\t\t\t<\/div>\n\t\t<\/div>\n\t\t\t\t<div class=\"elementor-column elementor-col-33 elementor-top-column elementor-element elementor-element-77ac869\" data-id=\"77ac869\" data-element_type=\"column\" data-e-type=\"column\">\n\t\t\t<div class=\"elementor-widget-wrap\">\n\t\t\t\t\t\t\t<\/div>\n\t\t<\/div>\n\t\t\t\t<div class=\"elementor-column elementor-col-33 elementor-top-column elementor-element elementor-element-fd2a63c\" data-id=\"fd2a63c\" data-element_type=\"column\" data-e-type=\"column\">\n\t\t\t<div class=\"elementor-widget-wrap elementor-element-populated\">\n\t\t\t\t\t\t<div class=\"elementor-element elementor-element-8d58be0 elementor-widget elementor-widget-text-editor\" data-id=\"8d58be0\" data-element_type=\"widget\" data-e-type=\"widget\" data-widget_type=\"text-editor.default\">\n\t\t\t\t<div class=\"elementor-widget-container\">\n\t\t\t\t\t\t\t\t\t<span style=\"color: #14213d; text-align: right;\">Powered by\u00a0<\/span><a style=\"color: #14213d; text-align: right;\" href=\"https:\/\/innovationhive.eu\/\" target=\"_blank\" rel=\"noopener\">Innovation Hive<\/a>\t\t\t\t\t\t\t\t<\/div>\n\t\t\t\t<\/div>\n\t\t\t\t\t<\/div>\n\t\t<\/div>\n\t\t\t\t\t<\/div>\n\t\t<\/section>\n\t\t\t\t<\/div>\n\t\t","protected":false},"excerpt":{"rendered":"<p>A projekt le\u00edr\u00e1sa A Covid-19 vil\u00e1gj\u00e1rv\u00e1ny k\u00f6vetkezt\u00e9ben m\u00e9g a kor\u00e1bban \u201edigit\u00e1lisan lusta\u201d c\u00e9geknek is fokozniuk kell digit\u00e1lis kapacit\u00e1sukat: videokonferencia, dokumentummegoszt\u00e1s, [&hellip;]<\/p>\n","protected":false},"author":1,"featured_media":0,"parent":0,"menu_order":0,"comment_status":"closed","ping_status":"closed","template":"page-templates\/template_page-builder.php","meta":{"_monsterinsights_skip_tracking":false,"_monsterinsights_sitenote_active":false,"_monsterinsights_sitenote_note":"","_monsterinsights_sitenote_category":0,"footnotes":""},"class_list":["post-607","page","type-page","status-publish","hentry"],"aioseo_notices":[],"_links":{"self":[{"href":"https:\/\/project-win.eu\/index.php\/wp-json\/wp\/v2\/pages\/607","targetHints":{"allow":["GET"]}}],"collection":[{"href":"https:\/\/project-win.eu\/index.php\/wp-json\/wp\/v2\/pages"}],"about":[{"href":"https:\/\/project-win.eu\/index.php\/wp-json\/wp\/v2\/types\/page"}],"author":[{"embeddable":true,"href":"https:\/\/project-win.eu\/index.php\/wp-json\/wp\/v2\/users\/1"}],"replies":[{"embeddable":true,"href":"https:\/\/project-win.eu\/index.php\/wp-json\/wp\/v2\/comments?post=607"}],"version-history":[{"count":19,"href":"https:\/\/project-win.eu\/index.php\/wp-json\/wp\/v2\/pages\/607\/revisions"}],"predecessor-version":[{"id":2067,"href":"https:\/\/project-win.eu\/index.php\/wp-json\/wp\/v2\/pages\/607\/revisions\/2067"}],"wp:attachment":[{"href":"https:\/\/project-win.eu\/index.php\/wp-json\/wp\/v2\/media?parent=607"}],"curies":[{"name":"wp","href":"https:\/\/api.w.org\/{rel}","templated":true}]}}