{"id":501,"date":"2022-04-11T13:02:52","date_gmt":"2022-04-11T13:02:52","guid":{"rendered":"https:\/\/project-win.eu\/?page_id=501"},"modified":"2024-07-23T13:43:42","modified_gmt":"2024-07-23T13:43:42","slug":"kontakt","status":"publish","type":"page","link":"https:\/\/project-win.eu\/index.php\/sl\/kontakt\/","title":{"rendered":"Kontakt"},"content":{"rendered":"\t\t<div data-elementor-type=\"wp-page\" data-elementor-id=\"501\" class=\"elementor elementor-501\">\n\t\t\t\t\t\t<section class=\"elementor-section elementor-top-section elementor-element elementor-element-03aa4e0 elementor-section-boxed elementor-section-height-default elementor-section-height-default\" data-id=\"03aa4e0\" data-element_type=\"section\" data-e-type=\"section\" data-settings=\"{&quot;background_background&quot;:&quot;classic&quot;}\">\n\t\t\t\t\t\t\t<div class=\"elementor-background-overlay\"><\/div>\n\t\t\t\t\t\t\t<div class=\"elementor-container elementor-column-gap-default\">\n\t\t\t\t\t<div class=\"elementor-column elementor-col-100 elementor-top-column elementor-element elementor-element-569e62b\" data-id=\"569e62b\" data-element_type=\"column\" data-e-type=\"column\">\n\t\t\t<div class=\"elementor-widget-wrap elementor-element-populated\">\n\t\t\t\t\t\t<div class=\"elementor-element elementor-element-7c10dff elementor-widget elementor-widget-spacer\" data-id=\"7c10dff\" data-element_type=\"widget\" data-e-type=\"widget\" data-widget_type=\"spacer.default\">\n\t\t\t\t<div class=\"elementor-widget-container\">\n\t\t\t\t\t\t\t<div class=\"elementor-spacer\">\n\t\t\t<div class=\"elementor-spacer-inner\"><\/div>\n\t\t<\/div>\n\t\t\t\t\t\t<\/div>\n\t\t\t\t<\/div>\n\t\t\t\t<div class=\"elementor-element elementor-element-625112f elementor-widget elementor-widget-heading\" data-id=\"625112f\" data-element_type=\"widget\" data-e-type=\"widget\" data-widget_type=\"heading.default\">\n\t\t\t\t<div class=\"elementor-widget-container\">\n\t\t\t\t\t<h1 class=\"elementor-heading-title elementor-size-default\">Pogovoriva se!<\/h1>\t\t\t\t<\/div>\n\t\t\t\t<\/div>\n\t\t\t\t<div class=\"elementor-element elementor-element-1191188 elementor-widget elementor-widget-spacer\" data-id=\"1191188\" data-element_type=\"widget\" data-e-type=\"widget\" data-widget_type=\"spacer.default\">\n\t\t\t\t<div class=\"elementor-widget-container\">\n\t\t\t\t\t\t\t<div class=\"elementor-spacer\">\n\t\t\t<div class=\"elementor-spacer-inner\"><\/div>\n\t\t<\/div>\n\t\t\t\t\t\t<\/div>\n\t\t\t\t<\/div>\n\t\t\t\t<div class=\"elementor-element elementor-element-7219741 elementor-widget elementor-widget-heading\" data-id=\"7219741\" data-element_type=\"widget\" data-e-type=\"widget\" data-widget_type=\"heading.default\">\n\t\t\t\t<div class=\"elementor-widget-container\">\n\t\t\t\t\t<h5 class=\"elementor-heading-title elementor-size-default\">\u017delite stopiti v stik? Radi bi sli\u0161ali od vas. Tukaj je, kako nas lahko dose\u017eete..<\/h5>\t\t\t\t<\/div>\n\t\t\t\t<\/div>\n\t\t\t\t<div class=\"elementor-element elementor-element-f35a050 elementor-widget-divider--view-line elementor-widget elementor-widget-divider\" data-id=\"f35a050\" data-element_type=\"widget\" data-e-type=\"widget\" data-widget_type=\"divider.default\">\n\t\t\t\t<div class=\"elementor-widget-container\">\n\t\t\t\t\t\t\t<div class=\"elementor-divider\">\n\t\t\t<span class=\"elementor-divider-separator\">\n\t\t\t\t\t\t<\/span>\n\t\t<\/div>\n\t\t\t\t\t\t<\/div>\n\t\t\t\t<\/div>\n\t\t\t\t<div class=\"elementor-element elementor-element-dd2d8b2 eael-contact-form-align-default eael-contact-form-btn-align-default elementor-widget elementor-widget-eael-weform\" data-id=\"dd2d8b2\" data-element_type=\"widget\" data-e-type=\"widget\" data-widget_type=\"eael-weform.default\">\n\t\t\t\t<div class=\"elementor-widget-container\">\n\t\t\t\t\t<div class=\"eael-weform-container\">\n\t\t\t\r\n        \r\n\r\n                <form class=\"wpuf-form-add weforms-178  wpuf-style\" action=\"\" method=\"post\"   id=\"\">\r\n\r\n            <ul class=\"wpuf-form form-label-above\">\r\n\r\n                        <li class=\"wpuf-el name field-size-large\" data-label=\"Name\">\r\n                    <div class=\"wpuf-label\">\r\n            <label for=\"name_178\">Name <span class=\"required\">*<\/span><\/label>\r\n        <\/div>\r\n        \r\n            <div class=\"wpuf-fields\">\r\n                <div class=\"wpuf-name-field-wrap format-first-last\" data-style=\"wpuf-style\">\r\n                    <div class=\"wpuf-name-field-first-name\">\r\n                        <input\r\n                            name=\"name[first]\"\r\n                            type=\"text\"\r\n                            placeholder=\"\"\r\n                            value=\"\"\r\n                            size=\"40\"\r\n                            data-required=\"yes\"\r\n                            data-type=\"text\"\r\n                            data-style=\"wpuf-style\"\r\n                            class=\"textfield wpuf_name_178\"\r\n                            autocomplete=\"given-name\"\r\n                        >\r\n                                                    <label class=\"wpuf-form-sub-label\" data-style=\"wpuf-style\">First<\/label>\r\n                                            <\/div>\r\n\r\n                                            <input type=\"hidden\" name=\"name[middle]\" value=\"\">\r\n                    \r\n                    <div class=\"wpuf-name-field-last-name\">\r\n                        <input\r\n                            name=\"name[last]\"\r\n                            type=\"text\" class=\"textfield\"\r\n                            placeholder=\"\"\r\n                            value=\"\"\r\n                            size=\"40\"\r\n                            autocomplete=\"family-name\"\r\n                            data-style=\"wpuf-style\"\r\n                        >\r\n                                                    <label class=\"wpuf-form-sub-label\" data-style=\"wpuf-style\">Last<\/label>\r\n                                            <\/div>\r\n                <\/div>\r\n                            <\/div>\r\n        <\/li>\r\n                <li class=\"wpuf-el email field-size-large\" data-label=\"Email Address\">\r\n                    <div class=\"wpuf-label\">\r\n            <label for=\"email_178\">Email Address <span class=\"required\">*<\/span><\/label>\r\n        <\/div>\r\n        \r\n            <div class=\"wpuf-fields\">\r\n                <input\r\n                    id=\"email_178\"\r\n                    type=\"email\"\r\n                    class=\"email  wpuf_email_178\"\r\n                    data-duplicate=\"\"\r\n                    data-required=\"yes\"\r\n                    data-type=\"email\"\r\n                    data-style=\"wpuf-style\"\r\n                    name=\"email\"\r\n                    placeholder=\"\"\r\n                    value=\"\"\r\n                    size=\"40\"\r\n                    autocomplete=\"email\"\r\n                \/>\r\n                            <\/div>\r\n        <\/li>\r\n                <li class=\"wpuf-el message field-size-large\" data-label=\"Message\">\r\n                    <div class=\"wpuf-label\">\r\n            <label for=\"message_178\">Message <span class=\"required\">*<\/span><\/label>\r\n        <\/div>\r\n                                    <div class=\"wpuf-fields\">\r\n            \r\n                                    <textarea\r\n                        class=\"textareafield  wpuf_message_178\"\r\n                        id=\"message_178\"\r\n                        name=\"message\"\r\n                        data-required=\"yes\"\r\n                        data-type=\"textarea\"\r\n                        placeholder=\"\"\r\n                        rows=\"5\"\r\n                        cols=\"25\"\r\n                        data-style=\"wpuf-style\"\r\n                    ><\/textarea>\r\n                    <span class=\"wpuf-wordlimit-message wpuf-help\"><\/span>\r\n\r\n                \r\n                        <\/div><\/li>\r\n                <li class=\"wpuf-submit\">\r\n            <div class=\"wpuf-label\">\r\n                &nbsp;\r\n            <\/div>\r\n\r\n            <input type=\"hidden\" id=\"_wpnonce\" name=\"_wpnonce\" value=\"44930e5012\" \/><input type=\"hidden\" name=\"_wp_http_referer\" value=\"\/index.php\/wp-json\/wp\/v2\/pages\/501\" \/>\r\n            <input type=\"hidden\" name=\"form_id\" value=\"178\">\r\n            <input type=\"hidden\" name=\"page_id\" value=\"501\">\r\n            <input type=\"hidden\" name=\"action\" value=\"weforms_frontend_submit\">\r\n\r\n                            <input type=\"hidden\" name=\"weforms-front-report\" value=\"no\">\r\n            \r\n            \r\n                            <input type=\"submit\" class=\"weforms_submit_btn wpuf_submit_178\" name=\"submit\" value=\"Submit\" \/>\r\n                    <\/li>\r\n                <\/ul>\r\n\r\n        <\/form>\r\n                \n\t\t<\/div>\t\t\t\t<\/div>\n\t\t\t\t<\/div>\n\t\t\t\t<div class=\"elementor-element elementor-element-0aed0ca elementor-widget elementor-widget-spacer\" data-id=\"0aed0ca\" data-element_type=\"widget\" data-e-type=\"widget\" data-widget_type=\"spacer.default\">\n\t\t\t\t<div class=\"elementor-widget-container\">\n\t\t\t\t\t\t\t<div class=\"elementor-spacer\">\n\t\t\t<div class=\"elementor-spacer-inner\"><\/div>\n\t\t<\/div>\n\t\t\t\t\t\t<\/div>\n\t\t\t\t<\/div>\n\t\t\t\t\t<\/div>\n\t\t<\/div>\n\t\t\t\t\t<\/div>\n\t\t<\/section>\n\t\t\t\t<section class=\"elementor-section elementor-top-section elementor-element elementor-element-ec05809 elementor-section-boxed elementor-section-height-default elementor-section-height-default\" data-id=\"ec05809\" data-element_type=\"section\" data-e-type=\"section\" data-settings=\"{&quot;background_background&quot;:&quot;classic&quot;}\">\n\t\t\t\t\t\t<div class=\"elementor-container elementor-column-gap-default\">\n\t\t\t\t\t<div class=\"elementor-column elementor-col-33 elementor-top-column elementor-element elementor-element-5f6bd68\" data-id=\"5f6bd68\" data-element_type=\"column\" data-e-type=\"column\">\n\t\t\t<div class=\"elementor-widget-wrap elementor-element-populated\">\n\t\t\t\t\t\t<div class=\"elementor-element elementor-element-8f69847 elementor-widget elementor-widget-spacer\" data-id=\"8f69847\" data-element_type=\"widget\" data-e-type=\"widget\" data-widget_type=\"spacer.default\">\n\t\t\t\t<div class=\"elementor-widget-container\">\n\t\t\t\t\t\t\t<div class=\"elementor-spacer\">\n\t\t\t<div class=\"elementor-spacer-inner\"><\/div>\n\t\t<\/div>\n\t\t\t\t\t\t<\/div>\n\t\t\t\t<\/div>\n\t\t\t\t<div class=\"elementor-element elementor-element-ae6952f elementor-widget elementor-widget-image\" data-id=\"ae6952f\" data-element_type=\"widget\" data-e-type=\"widget\" data-widget_type=\"image.default\">\n\t\t\t\t<div class=\"elementor-widget-container\">\n\t\t\t\t\t\t\t\t\t\t\t\t\t\t\t<img decoding=\"async\" width=\"300\" height=\"63\" src=\"https:\/\/project-win.eu\/wp-content\/uploads\/2022\/02\/EN_Co-funded_by_the_EU-transparent-300x63.png\" class=\"attachment-medium size-medium wp-image-1054\" alt=\"\" srcset=\"https:\/\/project-win.eu\/wp-content\/uploads\/2022\/02\/EN_Co-funded_by_the_EU-transparent-300x63.png 300w, https:\/\/project-win.eu\/wp-content\/uploads\/2022\/02\/EN_Co-funded_by_the_EU-transparent-768x161.png 768w, https:\/\/project-win.eu\/wp-content\/uploads\/2022\/02\/EN_Co-funded_by_the_EU-transparent-720x151.png 720w, https:\/\/project-win.eu\/wp-content\/uploads\/2022\/02\/EN_Co-funded_by_the_EU-transparent.png 1024w\" sizes=\"(max-width: 300px) 100vw, 300px\" \/>\t\t\t\t\t\t\t\t\t\t\t\t\t\t\t<\/div>\n\t\t\t\t<\/div>\n\t\t\t\t<div class=\"elementor-element elementor-element-1fba7a0 elementor-widget elementor-widget-image\" data-id=\"1fba7a0\" data-element_type=\"widget\" data-e-type=\"widget\" data-widget_type=\"image.default\">\n\t\t\t\t<div class=\"elementor-widget-container\">\n\t\t\t\t\t\t\t\t\t\t\t\t\t\t\t<img decoding=\"async\" width=\"213\" height=\"82\" src=\"https:\/\/project-win.eu\/wp-content\/uploads\/2024\/07\/License.png\" class=\"attachment-medium size-medium wp-image-1723\" alt=\"\" \/>\t\t\t\t\t\t\t\t\t\t\t\t\t\t\t<\/div>\n\t\t\t\t<\/div>\n\t\t\t\t<div class=\"elementor-element elementor-element-d7a5127 elementor-widget elementor-widget-text-editor\" data-id=\"d7a5127\" data-element_type=\"widget\" data-e-type=\"widget\" data-widget_type=\"text-editor.default\">\n\t\t\t\t<div class=\"elementor-widget-container\">\n\t\t\t\t\t\t\t\t\t<p><i><span style=\"font-weight: 400;\">\u00a9 2022-2024. This work is licensed under a<\/span><\/i><a href=\"https:\/\/creativecommons.org\/licenses\/by-nc-sa\/4.0\/legalcode\"> <i><span style=\"font-weight: 400;\">CC BY-NC-SA 4.0 license.<\/span><\/i><\/a><\/p>\t\t\t\t\t\t\t\t<\/div>\n\t\t\t\t<\/div>\n\t\t\t\t<div class=\"elementor-element elementor-element-ae10081 elementor-widget elementor-widget-text-editor\" data-id=\"ae10081\" data-element_type=\"widget\" data-e-type=\"widget\" data-widget_type=\"text-editor.default\">\n\t\t\t\t<div class=\"elementor-widget-container\">\n\t\t\t\t\t\t\t\t\t<p>Financira Evropska unija. Izra\u017eena stali\u0161\u010da in mnenja so izklju\u010dno stali\u0161\u010da in mnenja avtorjev in ne odra\u017eajo nujno stali\u0161\u010d in mnenj Evropske unije ali Izvajalske agencije za izobra\u017eevanje in kulturo (EACEA). Niti Evropska unija niti EACEA ne moreta biti odgovorna zanje. 2021-1-DE02-KA220-VET-000032959<\/p>\t\t\t\t\t\t\t\t<\/div>\n\t\t\t\t<\/div>\n\t\t\t\t\t<\/div>\n\t\t<\/div>\n\t\t\t\t<div class=\"elementor-column elementor-col-33 elementor-top-column elementor-element elementor-element-e675c88\" data-id=\"e675c88\" data-element_type=\"column\" data-e-type=\"column\">\n\t\t\t<div class=\"elementor-widget-wrap\">\n\t\t\t\t\t\t\t<\/div>\n\t\t<\/div>\n\t\t\t\t<div class=\"elementor-column elementor-col-33 elementor-top-column elementor-element elementor-element-d393613\" data-id=\"d393613\" data-element_type=\"column\" data-e-type=\"column\">\n\t\t\t<div class=\"elementor-widget-wrap elementor-element-populated\">\n\t\t\t\t\t\t<div class=\"elementor-element elementor-element-ab29513 elementor-widget elementor-widget-spacer\" data-id=\"ab29513\" data-element_type=\"widget\" data-e-type=\"widget\" data-widget_type=\"spacer.default\">\n\t\t\t\t<div class=\"elementor-widget-container\">\n\t\t\t\t\t\t\t<div class=\"elementor-spacer\">\n\t\t\t<div class=\"elementor-spacer-inner\"><\/div>\n\t\t<\/div>\n\t\t\t\t\t\t<\/div>\n\t\t\t\t<\/div>\n\t\t\t\t<div class=\"elementor-element elementor-element-12bdded elementor-widget elementor-widget-image\" data-id=\"12bdded\" data-element_type=\"widget\" data-e-type=\"widget\" data-widget_type=\"image.default\">\n\t\t\t\t<div class=\"elementor-widget-container\">\n\t\t\t\t\t\t\t\t\t\t\t\t\t\t\t\t<a href=\"http:\/\/project-win.eu\/\">\n\t\t\t\t\t\t\t<img decoding=\"async\" width=\"123\" height=\"121\" src=\"https:\/\/project-win.eu\/wp-content\/uploads\/2022\/02\/WIN-LOGO-xsmall-transparent.png\" class=\"attachment-medium size-medium wp-image-31\" alt=\"\" \/>\t\t\t\t\t\t\t\t<\/a>\n\t\t\t\t\t\t\t\t\t\t\t\t\t\t\t<\/div>\n\t\t\t\t<\/div>\n\t\t\t\t<div class=\"elementor-element elementor-element-5fff11c elementor-widget elementor-widget-text-editor\" data-id=\"5fff11c\" data-element_type=\"widget\" data-e-type=\"widget\" data-widget_type=\"text-editor.default\">\n\t\t\t\t<div class=\"elementor-widget-container\">\n\t\t\t\t\t\t\t\t\t<a style=\"color: #14213d;\" href=\"http:\/\/project-win.eu\/index.php\/terms-of-use\/\" target=\"_blank\" rel=\"noopener\">Terms of Use<\/a>\t\t\t\t\t\t\t\t<\/div>\n\t\t\t\t<\/div>\n\t\t\t\t<div class=\"elementor-element elementor-element-6dd8704 elementor-shape-circle e-grid-align-right elementor-grid-0 elementor-widget elementor-widget-social-icons\" data-id=\"6dd8704\" data-element_type=\"widget\" data-e-type=\"widget\" data-widget_type=\"social-icons.default\">\n\t\t\t\t<div class=\"elementor-widget-container\">\n\t\t\t\t\t\t\t<div class=\"elementor-social-icons-wrapper elementor-grid\" role=\"list\">\n\t\t\t\t\t\t\t<span class=\"elementor-grid-item\" role=\"listitem\">\n\t\t\t\t\t<a class=\"elementor-icon elementor-social-icon elementor-social-icon-facebook elementor-animation-grow elementor-repeater-item-9659192\" href=\"https:\/\/www.facebook.com\/wineuproject\/\" target=\"_blank\">\n\t\t\t\t\t\t<span class=\"elementor-screen-only\">Facebook<\/span>\n\t\t\t\t\t\t<i aria-hidden=\"true\" class=\"fab fa-facebook\"><\/i>\t\t\t\t\t<\/a>\n\t\t\t\t<\/span>\n\t\t\t\t\t\t\t<span class=\"elementor-grid-item\" role=\"listitem\">\n\t\t\t\t\t<a class=\"elementor-icon elementor-social-icon elementor-social-icon-linkedin elementor-animation-grow elementor-repeater-item-6fa8437\" href=\"https:\/\/www.linkedin.com\/company\/82928580\/admin\/\" target=\"_blank\">\n\t\t\t\t\t\t<span class=\"elementor-screen-only\">Linkedin<\/span>\n\t\t\t\t\t\t<i aria-hidden=\"true\" class=\"fab fa-linkedin\"><\/i>\t\t\t\t\t<\/a>\n\t\t\t\t<\/span>\n\t\t\t\t\t<\/div>\n\t\t\t\t\t\t<\/div>\n\t\t\t\t<\/div>\n\t\t\t\t\t<\/div>\n\t\t<\/div>\n\t\t\t\t\t<\/div>\n\t\t<\/section>\n\t\t\t\t<section class=\"elementor-section elementor-top-section elementor-element elementor-element-0ad8ec1 elementor-section-boxed elementor-section-height-default elementor-section-height-default\" data-id=\"0ad8ec1\" data-element_type=\"section\" data-e-type=\"section\" data-settings=\"{&quot;background_background&quot;:&quot;classic&quot;}\">\n\t\t\t\t\t\t<div class=\"elementor-container elementor-column-gap-default\">\n\t\t\t\t\t<div class=\"elementor-column elementor-col-100 elementor-top-column elementor-element elementor-element-c6a13d1\" data-id=\"c6a13d1\" data-element_type=\"column\" data-e-type=\"column\">\n\t\t\t<div class=\"elementor-widget-wrap elementor-element-populated\">\n\t\t\t\t\t\t<div class=\"elementor-element elementor-element-d31df83 elementor-widget-divider--view-line elementor-widget elementor-widget-divider\" data-id=\"d31df83\" data-element_type=\"widget\" data-e-type=\"widget\" data-widget_type=\"divider.default\">\n\t\t\t\t<div class=\"elementor-widget-container\">\n\t\t\t\t\t\t\t<div class=\"elementor-divider\">\n\t\t\t<span class=\"elementor-divider-separator\">\n\t\t\t\t\t\t<\/span>\n\t\t<\/div>\n\t\t\t\t\t\t<\/div>\n\t\t\t\t<\/div>\n\t\t\t\t\t<\/div>\n\t\t<\/div>\n\t\t\t\t\t<\/div>\n\t\t<\/section>\n\t\t\t\t<section class=\"elementor-section elementor-top-section elementor-element elementor-element-052f439 elementor-section-boxed elementor-section-height-default elementor-section-height-default\" data-id=\"052f439\" data-element_type=\"section\" data-e-type=\"section\" data-settings=\"{&quot;background_background&quot;:&quot;classic&quot;}\">\n\t\t\t\t\t\t<div class=\"elementor-container elementor-column-gap-default\">\n\t\t\t\t\t<div class=\"elementor-column elementor-col-33 elementor-top-column elementor-element elementor-element-f3de9dd\" data-id=\"f3de9dd\" data-element_type=\"column\" data-e-type=\"column\">\n\t\t\t<div class=\"elementor-widget-wrap elementor-element-populated\">\n\t\t\t\t\t\t<div class=\"elementor-element elementor-element-65c4392 elementor-widget elementor-widget-text-editor\" data-id=\"65c4392\" data-element_type=\"widget\" data-e-type=\"widget\" data-widget_type=\"text-editor.default\">\n\t\t\t\t<div class=\"elementor-widget-container\">\n\t\t\t\t\t\t\t\t\t<p><span style=\"color: #14213d;\">Copyright \u00a9 2022 WIN. All Rights Reserved<\/span><\/p>\t\t\t\t\t\t\t\t<\/div>\n\t\t\t\t<\/div>\n\t\t\t\t\t<\/div>\n\t\t<\/div>\n\t\t\t\t<div class=\"elementor-column elementor-col-33 elementor-top-column elementor-element elementor-element-759ae9c\" data-id=\"759ae9c\" data-element_type=\"column\" data-e-type=\"column\">\n\t\t\t<div class=\"elementor-widget-wrap\">\n\t\t\t\t\t\t\t<\/div>\n\t\t<\/div>\n\t\t\t\t<div class=\"elementor-column elementor-col-33 elementor-top-column elementor-element elementor-element-8ad8ab3\" data-id=\"8ad8ab3\" data-element_type=\"column\" data-e-type=\"column\">\n\t\t\t<div class=\"elementor-widget-wrap elementor-element-populated\">\n\t\t\t\t\t\t<div class=\"elementor-element elementor-element-21e701b elementor-widget elementor-widget-text-editor\" data-id=\"21e701b\" data-element_type=\"widget\" data-e-type=\"widget\" data-widget_type=\"text-editor.default\">\n\t\t\t\t<div class=\"elementor-widget-container\">\n\t\t\t\t\t\t\t\t\t<span style=\"color: #14213d; text-align: right;\">Powered by\u00a0<\/span><a style=\"color: #14213d; text-align: right;\" href=\"https:\/\/innovationhive.eu\/\" target=\"_blank\" rel=\"noopener\">Innovation Hive<\/a>\t\t\t\t\t\t\t\t<\/div>\n\t\t\t\t<\/div>\n\t\t\t\t\t<\/div>\n\t\t<\/div>\n\t\t\t\t\t<\/div>\n\t\t<\/section>\n\t\t\t\t<\/div>\n\t\t","protected":false},"excerpt":{"rendered":"<p>Pogovoriva se! \u017delite stopiti v stik? Radi bi sli\u0161ali od vas. Tukaj je, kako nas lahko dose\u017eete.. Name * First [&hellip;]<\/p>\n","protected":false},"author":1,"featured_media":0,"parent":0,"menu_order":0,"comment_status":"closed","ping_status":"closed","template":"page-templates\/template_page-builder.php","meta":{"_monsterinsights_skip_tracking":false,"_monsterinsights_sitenote_active":false,"_monsterinsights_sitenote_note":"","_monsterinsights_sitenote_category":0,"footnotes":""},"class_list":["post-501","page","type-page","status-publish","hentry"],"aioseo_notices":[],"_links":{"self":[{"href":"https:\/\/project-win.eu\/index.php\/wp-json\/wp\/v2\/pages\/501","targetHints":{"allow":["GET"]}}],"collection":[{"href":"https:\/\/project-win.eu\/index.php\/wp-json\/wp\/v2\/pages"}],"about":[{"href":"https:\/\/project-win.eu\/index.php\/wp-json\/wp\/v2\/types\/page"}],"author":[{"embeddable":true,"href":"https:\/\/project-win.eu\/index.php\/wp-json\/wp\/v2\/users\/1"}],"replies":[{"embeddable":true,"href":"https:\/\/project-win.eu\/index.php\/wp-json\/wp\/v2\/comments?post=501"}],"version-history":[{"count":13,"href":"https:\/\/project-win.eu\/index.php\/wp-json\/wp\/v2\/pages\/501\/revisions"}],"predecessor-version":[{"id":2040,"href":"https:\/\/project-win.eu\/index.php\/wp-json\/wp\/v2\/pages\/501\/revisions\/2040"}],"wp:attachment":[{"href":"https:\/\/project-win.eu\/index.php\/wp-json\/wp\/v2\/media?parent=501"}],"curies":[{"name":"wp","href":"https:\/\/api.w.org\/{rel}","templated":true}]}}