{"id":418,"date":"2022-04-11T12:36:28","date_gmt":"2022-04-11T12:36:28","guid":{"rendered":"https:\/\/project-win.eu\/?page_id=418"},"modified":"2024-09-20T13:56:14","modified_gmt":"2024-09-20T13:56:14","slug":"ergebnisse","status":"publish","type":"page","link":"https:\/\/project-win.eu\/index.php\/sl\/ergebnisse\/","title":{"rendered":"Rezultati"},"content":{"rendered":"\t\t<div data-elementor-type=\"wp-page\" data-elementor-id=\"418\" class=\"elementor elementor-418\">\n\t\t\t\t\t\t<section class=\"elementor-section elementor-top-section elementor-element elementor-element-4a97ca8 elementor-section-boxed elementor-section-height-default elementor-section-height-default\" data-id=\"4a97ca8\" data-element_type=\"section\" data-e-type=\"section\" data-settings=\"{&quot;background_background&quot;:&quot;classic&quot;}\">\n\t\t\t\t\t\t\t<div class=\"elementor-background-overlay\"><\/div>\n\t\t\t\t\t\t\t<div class=\"elementor-container elementor-column-gap-default\">\n\t\t\t\t\t<div class=\"elementor-column elementor-col-100 elementor-top-column elementor-element elementor-element-d003914\" data-id=\"d003914\" data-element_type=\"column\" data-e-type=\"column\">\n\t\t\t<div class=\"elementor-widget-wrap elementor-element-populated\">\n\t\t\t\t\t\t<div class=\"elementor-element elementor-element-14b98df elementor-widget elementor-widget-spacer\" data-id=\"14b98df\" data-element_type=\"widget\" data-e-type=\"widget\" data-widget_type=\"spacer.default\">\n\t\t\t\t<div class=\"elementor-widget-container\">\n\t\t\t\t\t\t\t<div class=\"elementor-spacer\">\n\t\t\t<div class=\"elementor-spacer-inner\"><\/div>\n\t\t<\/div>\n\t\t\t\t\t\t<\/div>\n\t\t\t\t<\/div>\n\t\t\t\t<div class=\"elementor-element elementor-element-d82a53a elementor-widget elementor-widget-heading\" data-id=\"d82a53a\" data-element_type=\"widget\" data-e-type=\"widget\" data-widget_type=\"heading.default\">\n\t\t\t\t<div class=\"elementor-widget-container\">\n\t\t\t\t\t<h3 class=\"elementor-heading-title elementor-size-default\">Rezultati projekta<\/h3>\t\t\t\t<\/div>\n\t\t\t\t<\/div>\n\t\t\t\t<div class=\"elementor-element elementor-element-f087c2e elementor-widget elementor-widget-spacer\" data-id=\"f087c2e\" data-element_type=\"widget\" data-e-type=\"widget\" data-widget_type=\"spacer.default\">\n\t\t\t\t<div class=\"elementor-widget-container\">\n\t\t\t\t\t\t\t<div class=\"elementor-spacer\">\n\t\t\t<div class=\"elementor-spacer-inner\"><\/div>\n\t\t<\/div>\n\t\t\t\t\t\t<\/div>\n\t\t\t\t<\/div>\n\t\t\t\t<div class=\"elementor-element elementor-element-b4a94e9 elementor-widget elementor-widget-eael-adv-tabs\" data-id=\"b4a94e9\" data-element_type=\"widget\" data-e-type=\"widget\" data-widget_type=\"eael-adv-tabs.default\">\n\t\t\t\t<div class=\"elementor-widget-container\">\n\t\t\t\t\t        <div data-scroll-on-click=\"no\" data-scroll-speed=\"300\" id=\"eael-advance-tabs-b4a94e9\" class=\"eael-advance-tabs eael-tabs-horizontal eael-tab-auto-active \" data-tabid=\"b4a94e9\">\n            <div class=\"eael-tabs-nav \">\n                <ul class=\"\" role=\"tablist\">\n                                            <li id=\"rezultat-projekta-1\" class=\"inactive eael-tab-item-trigger eael-tab-nav-item\" aria-selected=\"true\" data-tab=\"1\" role=\"tab\" tabindex=\"0\" aria-controls=\"rezultat-projekta-1-tab\" aria-expanded=\"false\">\n                            \n                            \n                            \n                                                            <span class=\"eael-tab-title title-after-icon\" >Rezultat projekta 1<\/span>                                                    <\/li>\n                                            <li id=\"rezultat-projekta-2\" class=\" eael-tab-item-trigger eael-tab-nav-item\" aria-selected=\"false\" data-tab=\"2\" role=\"tab\" tabindex=\"-1\" aria-controls=\"rezultat-projekta-2-tab\" aria-expanded=\"false\">\n                            \n                            \n                            \n                                                            <span class=\"eael-tab-title title-after-icon\" >Rezultat projekta 2<\/span>                                                    <\/li>\n                                            <li id=\"rezultat-projekta-3\" class=\"inactive eael-tab-item-trigger eael-tab-nav-item\" aria-selected=\"false\" data-tab=\"3\" role=\"tab\" tabindex=\"-1\" aria-controls=\"rezultat-projekta-3-tab\" aria-expanded=\"false\">\n                            \n                            \n                            \n                                                            <span class=\"eael-tab-title title-after-icon\" >Rezultat projekta 3<\/span>                                                    <\/li>\n                                            <li id=\"rezultat-projekta-4\" class=\"inactive eael-tab-item-trigger eael-tab-nav-item\" aria-selected=\"false\" data-tab=\"4\" role=\"tab\" tabindex=\"-1\" aria-controls=\"rezultat-projekta-4-tab\" aria-expanded=\"false\">\n                            \n                            \n                            \n                                                            <span class=\"eael-tab-title title-after-icon\" >Rezultat projekta 4<\/span>                                                    <\/li>\n                                            <li id=\"rezultat-projekta-5\" class=\"inactive eael-tab-item-trigger eael-tab-nav-item\" aria-selected=\"false\" data-tab=\"5\" role=\"tab\" tabindex=\"-1\" aria-controls=\"rezultat-projekta-5-tab\" aria-expanded=\"false\">\n                            \n                            \n                            \n                                                            <span class=\"eael-tab-title title-after-icon\" >Rezultat projekta 5<\/span>                                                    <\/li>\n                                            <li id=\"rezultat-projekta-6\" class=\"inactive eael-tab-item-trigger eael-tab-nav-item\" aria-selected=\"false\" data-tab=\"6\" role=\"tab\" tabindex=\"-1\" aria-controls=\"rezultat-projekta-6-tab\" aria-expanded=\"false\">\n                            \n                            \n                            \n                                                            <span class=\"eael-tab-title title-after-icon\" >Rezultat projekta 6<\/span>                                                    <\/li>\n                    \n                                  <\/ul>\n            <\/div>\n            \n            <div class=\"eael-tabs-content\">\n\t\t        \n                    <div id=\"rezultat-projekta-1-tab\" class=\"clearfix eael-tab-content-item inactive\" data-title-link=\"rezultat-projekta-1-tab\">\n\t\t\t\t        <p><strong><img decoding=\"async\" class=\"size-full wp-image-203 aligncenter\" src=\"http:\/\/project-win.eu\/wp-content\/uploads\/2022\/02\/out1.png\" alt=\"\" width=\"198\" height=\"198\" srcset=\"https:\/\/project-win.eu\/wp-content\/uploads\/2022\/02\/out1.png 198w, https:\/\/project-win.eu\/wp-content\/uploads\/2022\/02\/out1-150x150.png 150w\" sizes=\"(max-width: 198px) 100vw, 198px\" \/><\/strong><\/p><p>Poro\u010dilo o trenutnem stanju na podro\u010dju inovacij na delovnem mestu: Partnerji bodo pripravili zbirno poro\u010dilo o obstoje\u010di literaturi na temo inovacij na delovnem mestu ter terensko raziskavo, ki bo temeljila na strukturiranem vpra\u0161alniku.<\/p><p>Kliknite <a href=\"https:\/\/project-win.eu\/wp-content\/uploads\/2024\/07\/Synthesis-Report-WIN_SLO-_PR1.pdf\">tukaj <\/a> in preberite Pdf!<\/p>                    <\/div>\n\t\t        \n                    <div id=\"rezultat-projekta-2-tab\" class=\"clearfix eael-tab-content-item \" data-title-link=\"rezultat-projekta-2-tab\">\n\t\t\t\t        <p><img decoding=\"async\" class=\"size-full wp-image-204 aligncenter\" src=\"http:\/\/project-win.eu\/wp-content\/uploads\/2022\/02\/out2.png\" alt=\"\" width=\"198\" height=\"198\" srcset=\"https:\/\/project-win.eu\/wp-content\/uploads\/2022\/02\/out2.png 198w, https:\/\/project-win.eu\/wp-content\/uploads\/2022\/02\/out2-150x150.png 150w\" sizes=\"(max-width: 198px) 100vw, 198px\" \/><\/p><p>WINComp: Poklicni profil in program usposabljanja Vodja inovacij na delovnem mestu: Opredelitev profila delovnega mesta Vodje inovacij na delovnem mestu in programa usposabljanja na podlagi treh stebrov EOK.<\/p><p>Kliknite za branje Pdf! \ud83d\udc47<\/p><p><a href=\"https:\/\/project-win.eu\/wp-content\/uploads\/2024\/07\/PR2_-WIN-Program-usposabljanja-vodje-WIN.pdf\">1. U\u010dni na\u010drt usposabljanja WIN <\/a><\/p><p><a href=\"https:\/\/project-win.eu\/wp-content\/uploads\/2024\/07\/PR2_Struktura-programa-usposabljanja.pdf\">2. Struktura u\u010dnega na\u010drta usposabljanja<\/a><\/p><p><a href=\"https:\/\/project-win.eu\/wp-content\/uploads\/2024\/07\/PR2_Opredelitev-poklicnega-profila-in-okvir-kompetenc-vodje-inovacij-na-delovnem-mestu.pdf\">3. Okvir kompetenc poklicnega profila<\/a><\/p>                    <\/div>\n\t\t        \n                    <div id=\"rezultat-projekta-3-tab\" class=\"clearfix eael-tab-content-item inactive\" data-title-link=\"rezultat-projekta-3-tab\">\n\t\t\t\t        <p><img decoding=\"async\" class=\"size-full wp-image-202 aligncenter\" src=\"http:\/\/project-win.eu\/wp-content\/uploads\/2022\/02\/out-3.png\" alt=\"\" width=\"198\" height=\"198\" srcset=\"https:\/\/project-win.eu\/wp-content\/uploads\/2022\/02\/out-3.png 198w, https:\/\/project-win.eu\/wp-content\/uploads\/2022\/02\/out-3-150x150.png 150w\" sizes=\"(max-width: 198px) 100vw, 198px\" \/><\/p><p>Trening in pilotno testiranje za poklicno izobra\u017eevanje in usposabljanje za Vodjo inovacij na delovnem mestu: Glavni cilj te\u010daja bo usposabljanje delodajalcev, kadrovskih (ali drugih) mened\u017eerjev in zaposlenih, ki bodo delovali kot mened\u017eerji inovacij na delovnem mestu.<\/p><p>Kliknite <a href=\"https:\/\/project-win.eu\/wp-content\/uploads\/2024\/09\/PR3_SL_COMPRESSED.pdf\">tukaj <\/a> in preberite Pdf!<\/p>                    <\/div>\n\t\t        \n                    <div id=\"rezultat-projekta-4-tab\" class=\"clearfix eael-tab-content-item inactive\" data-title-link=\"rezultat-projekta-4-tab\">\n\t\t\t\t        <img loading=\"lazy\" decoding=\"async\" class=\"size-full wp-image-205 aligncenter\" src=\"http:\/\/project-win.eu\/wp-content\/uploads\/2022\/02\/out4.png\" alt=\"\" width=\"198\" height=\"198\" srcset=\"https:\/\/project-win.eu\/wp-content\/uploads\/2022\/02\/out4.png 198w, https:\/\/project-win.eu\/wp-content\/uploads\/2022\/02\/out4-150x150.png 150w\" sizes=\"(max-width: 198px) 100vw, 198px\" \/>\n\nPostopek certificiranja profila delovnega mesta Vodja inovacij na delovnem mestu: Vzpostavljena bo ustrezna baza vpra\u0161anj za izbran profil udele\u017eencev; ti se bodo lahko tudi prijavili na izpit, da bi potrdili svoje spretnosti in znanje.\n\nKliknite <a href=\"https:\/\/project-win.eu\/wp-content\/uploads\/2024\/09\/PR4_Certification_SL.pdf\">tukaj <\/a> in preberite Pdf!                    <\/div>\n\t\t        \n                    <div id=\"rezultat-projekta-5-tab\" class=\"clearfix eael-tab-content-item inactive\" data-title-link=\"rezultat-projekta-5-tab\">\n\t\t\t\t        <img loading=\"lazy\" decoding=\"async\" class=\"size-full wp-image-206 aligncenter\" src=\"http:\/\/project-win.eu\/wp-content\/uploads\/2022\/02\/out5.png\" alt=\"\" width=\"198\" height=\"198\" srcset=\"https:\/\/project-win.eu\/wp-content\/uploads\/2022\/02\/out5.png 198w, https:\/\/project-win.eu\/wp-content\/uploads\/2022\/02\/out5-150x150.png 150w\" sizes=\"(max-width: 198px) 100vw, 198px\" \/>\n\nRazvoj e-WIN platforme: Da bi okrepili in izbolj\u0161ali pomembne elemente uspe\u0161nega izvajanja projekta, kot so trajnost, prenosljivost in dostopnost rezultatov projekta, bodo partnerji razvili interaktivno platformo za e-u\u010denje.\n\n<a href=\"https:\/\/win-hub.eu\/\">Platform<\/a>                    <\/div>\n\t\t        \n                    <div id=\"rezultat-projekta-6-tab\" class=\"clearfix eael-tab-content-item inactive\" data-title-link=\"rezultat-projekta-6-tab\">\n\t\t\t\t        <img loading=\"lazy\" decoding=\"async\" class=\"size-full wp-image-208 aligncenter\" src=\"http:\/\/project-win.eu\/wp-content\/uploads\/2022\/02\/out6.png\" alt=\"\" width=\"198\" height=\"198\" srcset=\"https:\/\/project-win.eu\/wp-content\/uploads\/2022\/02\/out6.png 198w, https:\/\/project-win.eu\/wp-content\/uploads\/2022\/02\/out6-150x150.png 150w\" sizes=\"(max-width: 198px) 100vw, 198px\" \/>\n\nRazvoj priro\u010dnika in orodij za Vodje inovacij na delovnem mestu in oblikovalce politik: Pri\u010dakuje se, da bo to prvo vseevropsko dostopno gradivo, ki bo zagotavljalo celovit okvir za nov profil delovnega mesta Vodje inovacij na delovnem mestu.\n\n<a href=\"https:\/\/project-win.eu\/index.php\/toolkit-1\/\">Toolkit<\/a>                    <\/div>\n\t\t                    <\/div>\n        <\/div>\n\t\t\t\t<\/div>\n\t\t\t\t<\/div>\n\t\t\t\t<div class=\"elementor-element elementor-element-4572dfc elementor-widget elementor-widget-spacer\" data-id=\"4572dfc\" data-element_type=\"widget\" data-e-type=\"widget\" data-widget_type=\"spacer.default\">\n\t\t\t\t<div class=\"elementor-widget-container\">\n\t\t\t\t\t\t\t<div class=\"elementor-spacer\">\n\t\t\t<div class=\"elementor-spacer-inner\"><\/div>\n\t\t<\/div>\n\t\t\t\t\t\t<\/div>\n\t\t\t\t<\/div>\n\t\t\t\t\t<\/div>\n\t\t<\/div>\n\t\t\t\t\t<\/div>\n\t\t<\/section>\n\t\t\t\t<section class=\"elementor-section elementor-top-section elementor-element elementor-element-29a6837 elementor-section-boxed elementor-section-height-default elementor-section-height-default\" data-id=\"29a6837\" data-element_type=\"section\" data-e-type=\"section\" data-settings=\"{&quot;background_background&quot;:&quot;classic&quot;}\">\n\t\t\t\t\t\t<div class=\"elementor-container elementor-column-gap-default\">\n\t\t\t\t\t<div class=\"elementor-column elementor-col-33 elementor-top-column elementor-element elementor-element-69590e6\" data-id=\"69590e6\" data-element_type=\"column\" data-e-type=\"column\">\n\t\t\t<div class=\"elementor-widget-wrap elementor-element-populated\">\n\t\t\t\t\t\t<div class=\"elementor-element elementor-element-60559e4 elementor-widget elementor-widget-spacer\" data-id=\"60559e4\" data-element_type=\"widget\" data-e-type=\"widget\" data-widget_type=\"spacer.default\">\n\t\t\t\t<div class=\"elementor-widget-container\">\n\t\t\t\t\t\t\t<div class=\"elementor-spacer\">\n\t\t\t<div class=\"elementor-spacer-inner\"><\/div>\n\t\t<\/div>\n\t\t\t\t\t\t<\/div>\n\t\t\t\t<\/div>\n\t\t\t\t<div class=\"elementor-element elementor-element-48f3be8 elementor-widget elementor-widget-image\" data-id=\"48f3be8\" data-element_type=\"widget\" data-e-type=\"widget\" data-widget_type=\"image.default\">\n\t\t\t\t<div class=\"elementor-widget-container\">\n\t\t\t\t\t\t\t\t\t\t\t\t\t\t\t<img loading=\"lazy\" decoding=\"async\" width=\"300\" height=\"63\" src=\"https:\/\/project-win.eu\/wp-content\/uploads\/2022\/02\/EN_Co-funded_by_the_EU-transparent-300x63.png\" class=\"attachment-medium size-medium wp-image-1054\" alt=\"\" srcset=\"https:\/\/project-win.eu\/wp-content\/uploads\/2022\/02\/EN_Co-funded_by_the_EU-transparent-300x63.png 300w, https:\/\/project-win.eu\/wp-content\/uploads\/2022\/02\/EN_Co-funded_by_the_EU-transparent-768x161.png 768w, https:\/\/project-win.eu\/wp-content\/uploads\/2022\/02\/EN_Co-funded_by_the_EU-transparent-720x151.png 720w, https:\/\/project-win.eu\/wp-content\/uploads\/2022\/02\/EN_Co-funded_by_the_EU-transparent.png 1024w\" sizes=\"(max-width: 300px) 100vw, 300px\" \/>\t\t\t\t\t\t\t\t\t\t\t\t\t\t\t<\/div>\n\t\t\t\t<\/div>\n\t\t\t\t<div class=\"elementor-element elementor-element-ec07256 elementor-widget elementor-widget-image\" data-id=\"ec07256\" data-element_type=\"widget\" data-e-type=\"widget\" data-widget_type=\"image.default\">\n\t\t\t\t<div class=\"elementor-widget-container\">\n\t\t\t\t\t\t\t\t\t\t\t\t\t\t\t<img loading=\"lazy\" decoding=\"async\" width=\"213\" height=\"82\" src=\"https:\/\/project-win.eu\/wp-content\/uploads\/2024\/07\/License.png\" class=\"attachment-medium size-medium wp-image-1723\" alt=\"\" \/>\t\t\t\t\t\t\t\t\t\t\t\t\t\t\t<\/div>\n\t\t\t\t<\/div>\n\t\t\t\t<div class=\"elementor-element elementor-element-b9eec29 elementor-widget elementor-widget-text-editor\" data-id=\"b9eec29\" data-element_type=\"widget\" data-e-type=\"widget\" data-widget_type=\"text-editor.default\">\n\t\t\t\t<div class=\"elementor-widget-container\">\n\t\t\t\t\t\t\t\t\t<p><i><span style=\"font-weight: 400;\">\u00a9 2022-2024. This work is licensed under a<\/span><\/i><a href=\"https:\/\/creativecommons.org\/licenses\/by-nc-sa\/4.0\/legalcode\"> <i><span style=\"font-weight: 400;\">CC BY-NC-SA 4.0 license.<\/span><\/i><\/a><\/p>\t\t\t\t\t\t\t\t<\/div>\n\t\t\t\t<\/div>\n\t\t\t\t<div class=\"elementor-element elementor-element-8914c96 elementor-widget elementor-widget-text-editor\" data-id=\"8914c96\" data-element_type=\"widget\" data-e-type=\"widget\" data-widget_type=\"text-editor.default\">\n\t\t\t\t<div class=\"elementor-widget-container\">\n\t\t\t\t\t\t\t\t\t<p>Financira Evropska unija. Izra\u017eena stali\u0161\u010da in mnenja so izklju\u010dno stali\u0161\u010da in mnenja avtorjev in ne odra\u017eajo nujno stali\u0161\u010d in mnenj Evropske unije ali Izvajalske agencije za izobra\u017eevanje in kulturo (EACEA). Niti Evropska unija niti EACEA ne moreta biti odgovorna zanje. 2021-1-DE02-KA220-VET-000032959<\/p>\t\t\t\t\t\t\t\t<\/div>\n\t\t\t\t<\/div>\n\t\t\t\t\t<\/div>\n\t\t<\/div>\n\t\t\t\t<div class=\"elementor-column elementor-col-33 elementor-top-column elementor-element elementor-element-d953804\" data-id=\"d953804\" data-element_type=\"column\" data-e-type=\"column\">\n\t\t\t<div class=\"elementor-widget-wrap\">\n\t\t\t\t\t\t\t<\/div>\n\t\t<\/div>\n\t\t\t\t<div class=\"elementor-column elementor-col-33 elementor-top-column elementor-element elementor-element-1c67c29\" data-id=\"1c67c29\" data-element_type=\"column\" data-e-type=\"column\">\n\t\t\t<div class=\"elementor-widget-wrap elementor-element-populated\">\n\t\t\t\t\t\t<div class=\"elementor-element elementor-element-3cf7e5f elementor-widget elementor-widget-spacer\" data-id=\"3cf7e5f\" data-element_type=\"widget\" data-e-type=\"widget\" data-widget_type=\"spacer.default\">\n\t\t\t\t<div class=\"elementor-widget-container\">\n\t\t\t\t\t\t\t<div class=\"elementor-spacer\">\n\t\t\t<div class=\"elementor-spacer-inner\"><\/div>\n\t\t<\/div>\n\t\t\t\t\t\t<\/div>\n\t\t\t\t<\/div>\n\t\t\t\t<div class=\"elementor-element elementor-element-7923a6b elementor-widget elementor-widget-image\" data-id=\"7923a6b\" data-element_type=\"widget\" data-e-type=\"widget\" data-widget_type=\"image.default\">\n\t\t\t\t<div class=\"elementor-widget-container\">\n\t\t\t\t\t\t\t\t\t\t\t\t\t\t\t\t<a href=\"http:\/\/project-win.eu\/\">\n\t\t\t\t\t\t\t<img loading=\"lazy\" decoding=\"async\" width=\"123\" height=\"121\" src=\"https:\/\/project-win.eu\/wp-content\/uploads\/2022\/02\/WIN-LOGO-xsmall-transparent.png\" class=\"attachment-medium size-medium wp-image-31\" alt=\"\" \/>\t\t\t\t\t\t\t\t<\/a>\n\t\t\t\t\t\t\t\t\t\t\t\t\t\t\t<\/div>\n\t\t\t\t<\/div>\n\t\t\t\t<div class=\"elementor-element elementor-element-73e3ec6 elementor-widget elementor-widget-text-editor\" data-id=\"73e3ec6\" data-element_type=\"widget\" data-e-type=\"widget\" data-widget_type=\"text-editor.default\">\n\t\t\t\t<div class=\"elementor-widget-container\">\n\t\t\t\t\t\t\t\t\t<a style=\"color: #14213d;\" href=\"http:\/\/project-win.eu\/index.php\/terms-of-use\/\" target=\"_blank\" rel=\"noopener\">Terms of Use<\/a>\t\t\t\t\t\t\t\t<\/div>\n\t\t\t\t<\/div>\n\t\t\t\t<div class=\"elementor-element elementor-element-44b7469 elementor-shape-circle e-grid-align-right elementor-grid-0 elementor-widget elementor-widget-social-icons\" data-id=\"44b7469\" data-element_type=\"widget\" data-e-type=\"widget\" data-widget_type=\"social-icons.default\">\n\t\t\t\t<div class=\"elementor-widget-container\">\n\t\t\t\t\t\t\t<div class=\"elementor-social-icons-wrapper elementor-grid\" role=\"list\">\n\t\t\t\t\t\t\t<span class=\"elementor-grid-item\" role=\"listitem\">\n\t\t\t\t\t<a class=\"elementor-icon elementor-social-icon elementor-social-icon-facebook elementor-animation-grow elementor-repeater-item-9659192\" href=\"https:\/\/www.facebook.com\/wineuproject\/\" target=\"_blank\">\n\t\t\t\t\t\t<span class=\"elementor-screen-only\">Facebook<\/span>\n\t\t\t\t\t\t<i aria-hidden=\"true\" class=\"fab fa-facebook\"><\/i>\t\t\t\t\t<\/a>\n\t\t\t\t<\/span>\n\t\t\t\t\t\t\t<span class=\"elementor-grid-item\" role=\"listitem\">\n\t\t\t\t\t<a class=\"elementor-icon elementor-social-icon elementor-social-icon-linkedin elementor-animation-grow elementor-repeater-item-6fa8437\" href=\"https:\/\/www.linkedin.com\/company\/82928580\/admin\/\" target=\"_blank\">\n\t\t\t\t\t\t<span class=\"elementor-screen-only\">Linkedin<\/span>\n\t\t\t\t\t\t<i aria-hidden=\"true\" class=\"fab fa-linkedin\"><\/i>\t\t\t\t\t<\/a>\n\t\t\t\t<\/span>\n\t\t\t\t\t<\/div>\n\t\t\t\t\t\t<\/div>\n\t\t\t\t<\/div>\n\t\t\t\t\t<\/div>\n\t\t<\/div>\n\t\t\t\t\t<\/div>\n\t\t<\/section>\n\t\t\t\t<section class=\"elementor-section elementor-top-section elementor-element elementor-element-e0aefec elementor-section-boxed elementor-section-height-default elementor-section-height-default\" data-id=\"e0aefec\" data-element_type=\"section\" data-e-type=\"section\" data-settings=\"{&quot;background_background&quot;:&quot;classic&quot;}\">\n\t\t\t\t\t\t<div class=\"elementor-container elementor-column-gap-default\">\n\t\t\t\t\t<div class=\"elementor-column elementor-col-100 elementor-top-column elementor-element elementor-element-6586421\" data-id=\"6586421\" data-element_type=\"column\" data-e-type=\"column\">\n\t\t\t<div class=\"elementor-widget-wrap elementor-element-populated\">\n\t\t\t\t\t\t<div class=\"elementor-element elementor-element-d965fcb elementor-widget-divider--view-line elementor-widget elementor-widget-divider\" data-id=\"d965fcb\" data-element_type=\"widget\" data-e-type=\"widget\" data-widget_type=\"divider.default\">\n\t\t\t\t<div class=\"elementor-widget-container\">\n\t\t\t\t\t\t\t<div class=\"elementor-divider\">\n\t\t\t<span class=\"elementor-divider-separator\">\n\t\t\t\t\t\t<\/span>\n\t\t<\/div>\n\t\t\t\t\t\t<\/div>\n\t\t\t\t<\/div>\n\t\t\t\t\t<\/div>\n\t\t<\/div>\n\t\t\t\t\t<\/div>\n\t\t<\/section>\n\t\t\t\t<section class=\"elementor-section elementor-top-section elementor-element elementor-element-27ef801 elementor-section-boxed elementor-section-height-default elementor-section-height-default\" data-id=\"27ef801\" data-element_type=\"section\" data-e-type=\"section\" data-settings=\"{&quot;background_background&quot;:&quot;classic&quot;}\">\n\t\t\t\t\t\t<div class=\"elementor-container elementor-column-gap-default\">\n\t\t\t\t\t<div class=\"elementor-column elementor-col-33 elementor-top-column elementor-element elementor-element-ef38807\" data-id=\"ef38807\" data-element_type=\"column\" data-e-type=\"column\">\n\t\t\t<div class=\"elementor-widget-wrap elementor-element-populated\">\n\t\t\t\t\t\t<div class=\"elementor-element elementor-element-935538b elementor-widget elementor-widget-text-editor\" data-id=\"935538b\" data-element_type=\"widget\" data-e-type=\"widget\" data-widget_type=\"text-editor.default\">\n\t\t\t\t<div class=\"elementor-widget-container\">\n\t\t\t\t\t\t\t\t\t<p><span style=\"color: #14213d;\">Copyright \u00a9 2022 WIN. All Rights Reserved<\/span><\/p>\t\t\t\t\t\t\t\t<\/div>\n\t\t\t\t<\/div>\n\t\t\t\t\t<\/div>\n\t\t<\/div>\n\t\t\t\t<div class=\"elementor-column elementor-col-33 elementor-top-column elementor-element elementor-element-ca92f56\" data-id=\"ca92f56\" data-element_type=\"column\" data-e-type=\"column\">\n\t\t\t<div class=\"elementor-widget-wrap\">\n\t\t\t\t\t\t\t<\/div>\n\t\t<\/div>\n\t\t\t\t<div class=\"elementor-column elementor-col-33 elementor-top-column elementor-element elementor-element-6098127\" data-id=\"6098127\" data-element_type=\"column\" data-e-type=\"column\">\n\t\t\t<div class=\"elementor-widget-wrap elementor-element-populated\">\n\t\t\t\t\t\t<div class=\"elementor-element elementor-element-ad0cb00 elementor-widget elementor-widget-text-editor\" data-id=\"ad0cb00\" data-element_type=\"widget\" data-e-type=\"widget\" data-widget_type=\"text-editor.default\">\n\t\t\t\t<div class=\"elementor-widget-container\">\n\t\t\t\t\t\t\t\t\t<span style=\"color: #14213d; text-align: right;\">Powered by\u00a0<\/span><a style=\"color: #14213d; text-align: right;\" href=\"https:\/\/innovationhive.eu\/\" target=\"_blank\" rel=\"noopener\">Innovation Hive<\/a>\t\t\t\t\t\t\t\t<\/div>\n\t\t\t\t<\/div>\n\t\t\t\t\t<\/div>\n\t\t<\/div>\n\t\t\t\t\t<\/div>\n\t\t<\/section>\n\t\t\t\t<\/div>\n\t\t","protected":false},"excerpt":{"rendered":"<p>Rezultati projekta Rezultat projekta 1 Rezultat projekta 2 Rezultat projekta 3 Rezultat projekta 4 Rezultat projekta 5 Rezultat projekta 6 [&hellip;]<\/p>\n","protected":false},"author":1,"featured_media":0,"parent":0,"menu_order":0,"comment_status":"closed","ping_status":"closed","template":"page-templates\/template_page-builder.php","meta":{"_monsterinsights_skip_tracking":false,"_monsterinsights_sitenote_active":false,"_monsterinsights_sitenote_note":"","_monsterinsights_sitenote_category":0,"footnotes":""},"class_list":["post-418","page","type-page","status-publish","hentry"],"aioseo_notices":[],"_links":{"self":[{"href":"https:\/\/project-win.eu\/index.php\/wp-json\/wp\/v2\/pages\/418","targetHints":{"allow":["GET"]}}],"collection":[{"href":"https:\/\/project-win.eu\/index.php\/wp-json\/wp\/v2\/pages"}],"about":[{"href":"https:\/\/project-win.eu\/index.php\/wp-json\/wp\/v2\/types\/page"}],"author":[{"embeddable":true,"href":"https:\/\/project-win.eu\/index.php\/wp-json\/wp\/v2\/users\/1"}],"replies":[{"embeddable":true,"href":"https:\/\/project-win.eu\/index.php\/wp-json\/wp\/v2\/comments?post=418"}],"version-history":[{"count":76,"href":"https:\/\/project-win.eu\/index.php\/wp-json\/wp\/v2\/pages\/418\/revisions"}],"predecessor-version":[{"id":2238,"href":"https:\/\/project-win.eu\/index.php\/wp-json\/wp\/v2\/pages\/418\/revisions\/2238"}],"wp:attachment":[{"href":"https:\/\/project-win.eu\/index.php\/wp-json\/wp\/v2\/media?parent=418"}],"curies":[{"name":"wp","href":"https:\/\/api.w.org\/{rel}","templated":true}]}}